{"id":744,"date":"2022-01-28T13:04:20","date_gmt":"2022-01-28T13:04:20","guid":{"rendered":"https:\/\/ecofuels.nl\/?page_id=744"},"modified":"2023-03-16T08:26:23","modified_gmt":"2023-03-16T08:26:23","slug":"partner","status":"publish","type":"page","link":"https:\/\/ecofuels.nl\/de\/partner\/","title":{"rendered":"Partner"},"content":{"rendered":"\n<p><strong>EcoFuels wurde von Laarakker und Indaver gegr\u00fcndet. EcoFuels ist derzeit Kooperationspartner beider Unternehmen. Zum Beispiel werden Reste von Laarakker bei EcoFuels verarbeitet und Indaver-Produkte k\u00f6nnen ebenfalls bei EcoFuels verarbeitet werden.<\/strong><\/p>\n\n\n\n<div class=\"wp-block-columns is-layout-flex wp-container-core-columns-is-layout-9d6595d7 wp-block-columns-is-layout-flex\">\n<div class=\"wp-block-column is-layout-flow wp-block-column-is-layout-flow\">\n<figure class=\"wp-block-image size-full\"><img loading=\"lazy\" decoding=\"async\" width=\"400\" height=\"300\" src=\"https:\/\/ecofuels.nl\/wp-content\/uploads\/2022\/08\/partner_laarakker-groenteverwerking.png\" alt=\"\" class=\"wp-image-493\" srcset=\"https:\/\/ecofuels.nl\/wp-content\/uploads\/2022\/08\/partner_laarakker-groenteverwerking.png 400w, https:\/\/ecofuels.nl\/wp-content\/uploads\/2022\/08\/partner_laarakker-groenteverwerking-300x225.png 300w\" sizes=\"auto, (max-width: 400px) 100vw, 400px\" \/><\/figure>\n\n\n\n<p><strong>Laarakker<\/strong> Gem\u00fcseverarbeitung ist ein Schwesterunternehmen von EcoFuels. Laarakker ist Spezialist f\u00fcr den Anbau, die Verarbeitung und den Verkauf einer breiten Palette von Gem\u00fcse f\u00fcr die Tiefk\u00fchl- und Konservenindustrie.<\/p>\n\n\n\n<div class=\"wp-block-buttons is-layout-flex wp-block-buttons-is-layout-flex\">\n<div class=\"wp-block-button\"><a class=\"wp-block-button__link wp-element-button\" href=\"https:\/\/www.laarakker.nl\/\" target=\"_blank\" rel=\"noreferrer noopener\">Bekijk de website<\/a><\/div>\n<\/div>\n<\/div>\n\n\n\n<div class=\"wp-block-column is-layout-flow wp-block-column-is-layout-flow\">\n<figure class=\"wp-block-image size-full\"><img loading=\"lazy\" decoding=\"async\" width=\"400\" height=\"300\" src=\"https:\/\/ecofuels.nl\/wp-content\/uploads\/2022\/08\/partner_indaver.png\" alt=\"\" class=\"wp-image-490\" srcset=\"https:\/\/ecofuels.nl\/wp-content\/uploads\/2022\/08\/partner_indaver.png 400w, https:\/\/ecofuels.nl\/wp-content\/uploads\/2022\/08\/partner_indaver-300x225.png 300w\" sizes=\"auto, (max-width: 400px) 100vw, 400px\" \/><\/figure>\n\n\n\n<p><strong>Indaver <\/strong>ist ein internationales Unternehmen, das sich mit Recycling und Abfallverarbeitung besch\u00e4ftigt. Wie Laarakker besitzt Indaver 50 % von EcoFuels.<\/p>\n\n\n\n<div class=\"wp-block-buttons is-layout-flex wp-block-buttons-is-layout-flex\">\n<div class=\"wp-block-button\"><a class=\"wp-block-button__link wp-element-button\" href=\"https:\/\/www.indaver.com\/be-nl\/home\/\" target=\"_blank\" rel=\"noreferrer noopener\">Bekijk de website<\/a><\/div>\n<\/div>\n<\/div>\n<\/div>\n","protected":false},"excerpt":{"rendered":"<p>EcoFuels wurde von Laarakker und Indaver gegr\u00fcndet. EcoFuels ist derzeit Kooperationspartner beider Unternehmen. Zum Beispiel werden Reste von Laarakker bei EcoFuels verarbeitet und Indaver-Produkte k\u00f6nnen ebenfalls bei EcoFuels verarbeitet werden. [&hellip;]<\/p>\n","protected":false},"author":1,"featured_media":0,"parent":0,"menu_order":0,"comment_status":"closed","ping_status":"closed","template":"","meta":{"_acf_changed":false,"footnotes":""},"class_list":["post-744","page","type-page","status-publish","hentry"],"acf":[],"yoast_head":"<!-- This site is optimized with the Yoast SEO plugin v27.5 - https:\/\/yoast.com\/product\/yoast-seo-wordpress\/ -->\n<title>Partner - Ecofuels<\/title>\n<meta name=\"description\" content=\"EcoFuels is een vooruitstrevend bedrijf dat verspilling tegengaat. In plaats van storten of verbranden zet EcoFuels organische restromen om in bruikbare materialen.\" \/>\n<meta name=\"robots\" content=\"index, follow, max-snippet:-1, max-image-preview:large, max-video-preview:-1\" \/>\n<link rel=\"canonical\" href=\"https:\/\/ecofuels.nl\/de\/partner\/\" \/>\n<meta property=\"og:locale\" content=\"de_DE\" \/>\n<meta property=\"og:type\" content=\"article\" \/>\n<meta property=\"og:title\" content=\"Partner - Ecofuels\" \/>\n<meta property=\"og:description\" content=\"EcoFuels is een vooruitstrevend bedrijf dat verspilling tegengaat. In plaats van storten of verbranden zet EcoFuels organische restromen om in bruikbare materialen.\" \/>\n<meta property=\"og:url\" content=\"https:\/\/ecofuels.nl\/de\/partner\/\" \/>\n<meta property=\"og:site_name\" content=\"Ecofuels\" \/>\n<meta property=\"article:modified_time\" content=\"2023-03-16T08:26:23+00:00\" \/>\n<meta property=\"og:image\" content=\"https:\/\/ecofuels.nl\/wp-content\/uploads\/2022\/08\/partner_laarakker-groenteverwerking.png\" \/>\n<meta name=\"twitter:card\" content=\"summary_large_image\" \/>\n<meta name=\"twitter:label1\" content=\"Gesch\u00e4tzte Lesezeit\" \/>\n\t<meta name=\"twitter:data1\" content=\"1\u00a0Minute\" \/>\n<script type=\"application\/ld+json\" class=\"yoast-schema-graph\">{\"@context\":\"https:\\\/\\\/schema.org\",\"@graph\":[{\"@type\":\"WebPage\",\"@id\":\"https:\\\/\\\/ecofuels.nl\\\/de\\\/partner\\\/\",\"url\":\"https:\\\/\\\/ecofuels.nl\\\/de\\\/partner\\\/\",\"name\":\"Partner - Ecofuels\",\"isPartOf\":{\"@id\":\"https:\\\/\\\/ecofuels.nl\\\/de\\\/#website\"},\"primaryImageOfPage\":{\"@id\":\"https:\\\/\\\/ecofuels.nl\\\/de\\\/partner\\\/#primaryimage\"},\"image\":{\"@id\":\"https:\\\/\\\/ecofuels.nl\\\/de\\\/partner\\\/#primaryimage\"},\"thumbnailUrl\":\"https:\\\/\\\/ecofuels.nl\\\/wp-content\\\/uploads\\\/2022\\\/08\\\/partner_laarakker-groenteverwerking.png\",\"datePublished\":\"2022-01-28T13:04:20+00:00\",\"dateModified\":\"2023-03-16T08:26:23+00:00\",\"description\":\"EcoFuels is een vooruitstrevend bedrijf dat verspilling tegengaat. In plaats van storten of verbranden zet EcoFuels organische restromen om in bruikbare materialen.\",\"breadcrumb\":{\"@id\":\"https:\\\/\\\/ecofuels.nl\\\/de\\\/partner\\\/#breadcrumb\"},\"inLanguage\":\"de\",\"potentialAction\":[{\"@type\":\"ReadAction\",\"target\":[\"https:\\\/\\\/ecofuels.nl\\\/de\\\/partner\\\/\"]}]},{\"@type\":\"ImageObject\",\"inLanguage\":\"de\",\"@id\":\"https:\\\/\\\/ecofuels.nl\\\/de\\\/partner\\\/#primaryimage\",\"url\":\"https:\\\/\\\/ecofuels.nl\\\/wp-content\\\/uploads\\\/2022\\\/08\\\/partner_laarakker-groenteverwerking.png\",\"contentUrl\":\"https:\\\/\\\/ecofuels.nl\\\/wp-content\\\/uploads\\\/2022\\\/08\\\/partner_laarakker-groenteverwerking.png\"},{\"@type\":\"BreadcrumbList\",\"@id\":\"https:\\\/\\\/ecofuels.nl\\\/de\\\/partner\\\/#breadcrumb\",\"itemListElement\":[{\"@type\":\"ListItem\",\"position\":1,\"name\":\"Home\",\"item\":\"https:\\\/\\\/ecofuels.nl\\\/de\\\/\"},{\"@type\":\"ListItem\",\"position\":2,\"name\":\"Partner\"}]},{\"@type\":\"WebSite\",\"@id\":\"https:\\\/\\\/ecofuels.nl\\\/de\\\/#website\",\"url\":\"https:\\\/\\\/ecofuels.nl\\\/de\\\/\",\"name\":\"Ecofuels\",\"description\":\"\",\"potentialAction\":[{\"@type\":\"SearchAction\",\"target\":{\"@type\":\"EntryPoint\",\"urlTemplate\":\"https:\\\/\\\/ecofuels.nl\\\/de\\\/?s={search_term_string}\"},\"query-input\":{\"@type\":\"PropertyValueSpecification\",\"valueRequired\":true,\"valueName\":\"search_term_string\"}}],\"inLanguage\":\"de\"}]}<\/script>\n<!-- \/ Yoast SEO plugin. -->","yoast_head_json":{"title":"Partner - Ecofuels","description":"EcoFuels is een vooruitstrevend bedrijf dat verspilling tegengaat. In plaats van storten of verbranden zet EcoFuels organische restromen om in bruikbare materialen.","robots":{"index":"index","follow":"follow","max-snippet":"max-snippet:-1","max-image-preview":"max-image-preview:large","max-video-preview":"max-video-preview:-1"},"canonical":"https:\/\/ecofuels.nl\/de\/partner\/","og_locale":"de_DE","og_type":"article","og_title":"Partner - Ecofuels","og_description":"EcoFuels is een vooruitstrevend bedrijf dat verspilling tegengaat. In plaats van storten of verbranden zet EcoFuels organische restromen om in bruikbare materialen.","og_url":"https:\/\/ecofuels.nl\/de\/partner\/","og_site_name":"Ecofuels","article_modified_time":"2023-03-16T08:26:23+00:00","og_image":[{"url":"https:\/\/ecofuels.nl\/wp-content\/uploads\/2022\/08\/partner_laarakker-groenteverwerking.png","type":"","width":"","height":""}],"twitter_card":"summary_large_image","twitter_misc":{"Gesch\u00e4tzte Lesezeit":"1\u00a0Minute"},"schema":{"@context":"https:\/\/schema.org","@graph":[{"@type":"WebPage","@id":"https:\/\/ecofuels.nl\/de\/partner\/","url":"https:\/\/ecofuels.nl\/de\/partner\/","name":"Partner - Ecofuels","isPartOf":{"@id":"https:\/\/ecofuels.nl\/de\/#website"},"primaryImageOfPage":{"@id":"https:\/\/ecofuels.nl\/de\/partner\/#primaryimage"},"image":{"@id":"https:\/\/ecofuels.nl\/de\/partner\/#primaryimage"},"thumbnailUrl":"https:\/\/ecofuels.nl\/wp-content\/uploads\/2022\/08\/partner_laarakker-groenteverwerking.png","datePublished":"2022-01-28T13:04:20+00:00","dateModified":"2023-03-16T08:26:23+00:00","description":"EcoFuels is een vooruitstrevend bedrijf dat verspilling tegengaat. In plaats van storten of verbranden zet EcoFuels organische restromen om in bruikbare materialen.","breadcrumb":{"@id":"https:\/\/ecofuels.nl\/de\/partner\/#breadcrumb"},"inLanguage":"de","potentialAction":[{"@type":"ReadAction","target":["https:\/\/ecofuels.nl\/de\/partner\/"]}]},{"@type":"ImageObject","inLanguage":"de","@id":"https:\/\/ecofuels.nl\/de\/partner\/#primaryimage","url":"https:\/\/ecofuels.nl\/wp-content\/uploads\/2022\/08\/partner_laarakker-groenteverwerking.png","contentUrl":"https:\/\/ecofuels.nl\/wp-content\/uploads\/2022\/08\/partner_laarakker-groenteverwerking.png"},{"@type":"BreadcrumbList","@id":"https:\/\/ecofuels.nl\/de\/partner\/#breadcrumb","itemListElement":[{"@type":"ListItem","position":1,"name":"Home","item":"https:\/\/ecofuels.nl\/de\/"},{"@type":"ListItem","position":2,"name":"Partner"}]},{"@type":"WebSite","@id":"https:\/\/ecofuels.nl\/de\/#website","url":"https:\/\/ecofuels.nl\/de\/","name":"Ecofuels","description":"","potentialAction":[{"@type":"SearchAction","target":{"@type":"EntryPoint","urlTemplate":"https:\/\/ecofuels.nl\/de\/?s={search_term_string}"},"query-input":{"@type":"PropertyValueSpecification","valueRequired":true,"valueName":"search_term_string"}}],"inLanguage":"de"}]}},"_links":{"self":[{"href":"https:\/\/ecofuels.nl\/de\/wp-json\/wp\/v2\/pages\/744","targetHints":{"allow":["GET"]}}],"collection":[{"href":"https:\/\/ecofuels.nl\/de\/wp-json\/wp\/v2\/pages"}],"about":[{"href":"https:\/\/ecofuels.nl\/de\/wp-json\/wp\/v2\/types\/page"}],"author":[{"embeddable":true,"href":"https:\/\/ecofuels.nl\/de\/wp-json\/wp\/v2\/users\/1"}],"replies":[{"embeddable":true,"href":"https:\/\/ecofuels.nl\/de\/wp-json\/wp\/v2\/comments?post=744"}],"version-history":[{"count":1,"href":"https:\/\/ecofuels.nl\/de\/wp-json\/wp\/v2\/pages\/744\/revisions"}],"predecessor-version":[{"id":745,"href":"https:\/\/ecofuels.nl\/de\/wp-json\/wp\/v2\/pages\/744\/revisions\/745"}],"wp:attachment":[{"href":"https:\/\/ecofuels.nl\/de\/wp-json\/wp\/v2\/media?parent=744"}],"curies":[{"name":"wp","href":"https:\/\/api.w.org\/{rel}","templated":true}]}}