{"id":725,"date":"2022-04-26T13:05:11","date_gmt":"2022-04-26T13:05:11","guid":{"rendered":"https:\/\/ecofuels.nl\/?page_id=725"},"modified":"2023-03-13T10:09:09","modified_gmt":"2023-03-13T10:09:09","slug":"datenschutz-und-cookie-erklarung","status":"publish","type":"page","link":"https:\/\/ecofuels.nl\/de\/datenschutz-und-cookie-erklarung\/","title":{"rendered":"Datenschutz- und Cookie-Erkl\u00e4rung"},"content":{"rendered":"\n<p>Durch die Nutzung unserer Website stimmen Sie der Verwendung Ihrer personenbezogenen Daten gem\u00e4\u00df dieser Datenschutzerkl\u00e4rung zu. Wir verarbeiten personenbezogene Daten ausschlie\u00dflich in \u00dcbereinstimmung mit der Allgemeinen Datenschutzverordnung (DSGVO).<\/p>\n\n\n\n<h2 class=\"wp-block-heading\">Wer sind wir<\/h2>\n\n\n\n<p>Laarakker Gem\u00fcseverarbeitung B.V. ist unter der Aktennummer 1230029 im Handelsregister der Handelskammer eingetragen und hat ihren satzungsm\u00e4\u00dfigen Sitz in Well (Gemeinde Bergen) und ihr B\u00fcro an der Veenweg 4 in 5855 ES Well. Dar\u00fcber hinaus sind auch Laarakker BIO BV und Laarakker Landbouw exploitatie von derselben Adresse aus t\u00e4tig.<\/p>\n\n\n\n<h2 class=\"wp-block-heading\">Datenschutz geht vor<\/h2>\n\n\n\n<p>Wir respektieren die Privatsph\u00e4re aller Website-Besucher. Die personenbezogenen Daten, die Sie auf dieser Website hinterlassen, werden sorgf\u00e4ltig und vertraulich behandelt. Wir verwenden nur Daten, die ausdr\u00fccklich und freiwillig von Personen zur Verf\u00fcgung gestellt werden, die unsere Website besuchen, Informationen anfordern und\/oder sich registrieren. Wir ergreifen angemessene Ma\u00dfnahmen, um Missbrauch, Verlust, unbefugten Zugriff und andere unerw\u00fcnschte Handlungen mit personenbezogenen Daten zu verhindern.<\/p>\n\n\n\n<h2 class=\"wp-block-heading\">Datenerhebung<\/h2>\n\n\n\n<p>Als Besucher k\u00f6nnen Sie unsere Website ohne Angabe personenbezogener Daten nutzen. Die Website sammelt nur personenbezogene Daten, die von Besuchern klar und freiwillig zur Verf\u00fcgung gestellt wurden. Diese Daten k\u00f6nnen unter anderem Ihre (Firmen-)Name, (Firmen-)Adresse, E-Mail-Adresse, Telefonnummer(n) und Faxnummer(n) umfassen.<\/p>\n\n\n\n<p>Wir d\u00fcrfen auch von Ihnen bereitgestellte Inhalte wie z. B. Eintr\u00e4ge in sozialen Medien und Dienste, die wir gegebenenfalls bereitstellen, aufbewahren und pflegen. Wir sammeln keine besonderen personenbezogenen Daten wie Daten zu Rasse oder ethnischer Herkunft, Glaubensbekenntnis, Strafregister, k\u00f6rperlichem und geistigem Gesundheitszustand oder sexueller Orientierung von Besuchern. Falls erforderlich, werden wir um Ihre ausdr\u00fcckliche Zustimmung zur Sammlung und Nutzung dieser Daten bitten<\/p>\n\n\n\n<h2 class=\"wp-block-heading\">Sicherheitsma\u00dfnahmen<\/h2>\n\n\n\n<p>Wir haben angemessene Sicherheitsma\u00dfnahmen ergriffen, die dem Charakter der personenbezogenen Daten sowie dem Umfang, Kontext, Zweck und Risiko der Verarbeitung entsprechen. Bei der Ergreifung von Sicherheitsma\u00dfnahmen wurden die zu mindernden Risiken, der Stand der Technik und die Kosten der Sicherheitsma\u00dfnahmen ber\u00fccksichtigt. Wir werden regelm\u00e4\u00dfig interne Audits durchf\u00fchren und Stichprobenkontrollen durchf\u00fchren. Wir bieten angemessene Garantien f\u00fcr die Anwendung der technischen und organisatorischen Sicherheitsma\u00dfnahmen im Zusammenhang mit den durchzuf\u00fchrenden Verarbeitungen. Wenn Sie die Einhaltung unserer Sicherheitsma\u00dfnahmen durch einen unabh\u00e4ngigen Sachverst\u00e4ndigen pr\u00fcfen lassen m\u00f6chten, kann dies beantragt werden. Wir werden gemeinsam mit Ihnen Vereinbarungen treffen. Die Kosten f\u00fcr eine Inspektion oder Pr\u00fcfung gehen zu Ihren Lasten. Sie verpflichten sich, uns eine Kopie des Inspektionsberichts zur Verf\u00fcgung zu stellen.<\/p>\n\n\n\n<h2 class=\"wp-block-heading\">Verwendungszwecke<\/h2>\n\n\n\n<p>Es gibt verschiedene Zwecke, f\u00fcr die wir Ihre personenbezogenen Daten sammeln und verarbeiten. Im Rahmen unserer Dienstleistungen sammeln und verarbeiten wir personenbezogene Daten von Ihnen:<\/p>\n\n\n\n<ul class=\"wp-block-list\">\n<li>wenn Sie Kontakt mit uns aufnehmen. Dies kann telefonisch sein, aber wir verstehen darunter auch, wenn Sie uns per E-Mail kontaktieren.<\/li>\n\n\n\n<li>f\u00fcr die Durchf\u00fchrung eines Vertrags, falls dieser mit Ihnen geschlossen wurde. Im Rahmen der Vertragsdurchf\u00fchrung k\u00f6nnen wir gegebenenfalls Ihre personenbezogenen Daten an Dritte weitergeben, die an der Vertragsdurchf\u00fchrung beteiligt sind.<\/li>\n\n\n\n<li>f\u00fcr interne Analysen zur Prozessverbesserung, Entwicklung von Produkten und Dienstleistungen und Marktforschung.<\/li>\n<\/ul>\n\n\n\n<h2 class=\"wp-block-heading\">Geheimhaltung<\/h2>\n\n\n\n<p>Wir halten erhaltene personenbezogene Daten geheim und verpflichten auch unsere Mitarbeiter und eventuelle Unterauftragnehmer zur Einhaltung der Geheimhaltungspflicht. Mitarbeiter beachten im Hinblick auf ihnen anvertraute personenbezogene Daten auch die Geheimhaltungspflicht gem\u00e4\u00df ihrer eventuellen beruflichen und Verhaltensregeln.<\/p>\n\n\n\n<h2 class=\"wp-block-heading\">Haftung<\/h2>\n\n\n\n<p>Sie versichern, dass die Verarbeitung personenbezogener Daten gem\u00e4\u00df unserem Dienstleistungsvertrag und diesen Bestimmungen nicht rechtswidrig ist und keine Rechte anderer Betroffener wie Familienangeh\u00f6riger oder Mitarbeiter verletzt. Wir haften nicht f\u00fcr Sch\u00e4den, die aufgrund Ihrer Nicht-Einhaltung der DSGVO oder anderer gesetzlicher Bestimmungen entstehen. Sie stellen uns auch von Anspr\u00fcchen Dritter aufgrund solcher Sch\u00e4den frei. Die Freistellung gilt nicht nur f\u00fcr den von Dritten erlittenen Schaden (materiell, aber auch immateriell), sondern auch f\u00fcr die Kosten, die wir im Zusammenhang damit m\u00f6glicherweise tragen m\u00fcssen, z. B. in einem etwaigen Rechtsstreit, und die Kosten von etwaigen Bu\u00dfgeldern, die uns aufgrund Ihres Handelns auferlegt werden. Die in einem Auftrag zur Erbringung von Dienstleistungen und den entsprechenden Allgemeinen Gesch\u00e4ftsbedingungen vereinbarte Beschr\u00e4nkung unserer Haftung gilt f\u00fcr die hier aufgef\u00fchrten Verpflichtungen, wobei jedoch eine oder mehrere Schadenersatzforderungen aus dieser Datenschutzerkl\u00e4rung und\/oder dem Auftrag zur Dienstleistung niemals zu einer \u00dcberschreitung der Beschr\u00e4nkung f\u00fchren k\u00f6nnen.<\/p>\n\n\n\n<h2 class=\"wp-block-heading\">Aufbewahrung von personenbezogenen Daten<\/h2>\n\n\n\n<p>Wir speichern Ihre Daten nicht l\u00e4nger als n\u00f6tig. Das bedeutet, dass wir Daten speichern, solange dies erforderlich ist, um den von Ihnen angeforderten Dienst zu erbringen. Ausgenommen hiervon sind die Daten, die wir l\u00e4nger aufbewahren m\u00fcssen, weil das Gesetz es uns vorschreibt.<\/p>\n\n\n\n<h2 class=\"wp-block-heading\">Weitergabe von personenbezogenen Daten<\/h2>\n\n\n\n<p>Wir geben Ihre Daten nicht an Dritte weiter und werden sie nur weitergeben, wenn dies zur Erf\u00fcllung unseres Vertrags mit Ihnen oder zur Erf\u00fcllung einer gesetzlichen Verpflichtung erforderlich ist. Mit Organisationen, die Ihre Daten in unserem Auftrag verarbeiten, schlie\u00dfen wir einen Verarbeitungsvertrag ab, um ein gleiches Sicherheitsniveau und Vertraulichkeit Ihrer Daten zu gew\u00e4hrleisten. Wir bleiben f\u00fcr diese Verarbeitungen verantwortlich.<\/p>\n\n\n\n<h2 class=\"wp-block-heading\">Zwecke der Nutzung<\/h2>\n\n\n\n<p>Um Sie optimal bedienen zu k\u00f6nnen, ist es notwendig, dass EcoFuels in bestimmten F\u00e4llen Ihre personenbezogenen Daten speichert. EcoFuels verwendet Ihre personenbezogenen Daten f\u00fcr:<\/p>\n\n\n\n<ul class=\"wp-block-list\">\n<li>Beziehungspflege, einschlie\u00dflich Kontaktaufnahme mit Ihnen, wenn Sie dies \u00fcber das Kontaktformular oder Bewerbungsformular anfordern;<\/li>\n\n\n\n<li>Das Verst\u00e4ndnis der Nutzung unserer Website mit Google Analytics;\n<ul class=\"wp-block-list\">\n<li>Diese Daten werden anonymisiert, um nur Trends auf der Website verfolgen zu k\u00f6nnen.<\/li>\n<\/ul>\n<\/li>\n\n\n\n<li>Nutzung der Funktionen auf unserer Website.<\/li>\n<\/ul>\n\n\n\n<h2 class=\"wp-block-heading\">Recht auf Zugang, Berichtigung, L\u00f6schung und \u00dcbertragung Ihrer Daten<\/h2>\n\n\n\n<p>Sie haben das Recht, Zugang zu, Nutzung, Berichtigung, L\u00f6schung oder \u00dcbertragung Ihrer Daten (einschlie\u00dflich ggf. Kamerabilder) zu verlangen. Sie k\u00f6nnen diese \u00fcber die E-Mail-Adresse am Ende dieser Datenschutzerkl\u00e4rung anfordern. Um Missbrauch zu vermeiden, k\u00f6nnen wir Sie bitten, sich zu identifizieren. Es ist nicht gestattet, Daten anderer Personen einzusehen.<\/p>\n\n\n\n<h2 class=\"wp-block-heading\">Stellenangebote und Bewerbung<\/h2>\n\n\n\n<p>Wenn Sie nach Stellenangeboten suchen oder sich initiativ bewerben, geben Sie pers\u00f6nliche Daten auf eigene Initiative preis. Wir speichern diese in einer sicheren Umgebung und sind nur f\u00fcr eine begrenzte Gruppe interner Fachleute zug\u00e4nglich.<\/p>\n\n\n\n<h2 class=\"wp-block-heading\">Cookies<\/h2>\n\n\n\n<p>Auf dieser Website werden Cookies verwendet, um die Leistung der Website messen zu k\u00f6nnen. Cookies sind kleine Informationsdateien, die beim Besuch einer Website automatisch auf Ihrem Ger\u00e4t (einschlie\u00dflich PC, Tablet oder Smartphone) gespeichert oder von diesem gelesen werden k\u00f6nnen. Dies geschieht \u00fcber den Webbrowser auf dem Ger\u00e4t. Die Informationen, die ein Cookie \u00fcber Ihre Nutzung der Website erh\u00e4lt, k\u00f6nnen an die eigenen gesicherten Server von Leanzo oder an die eines Dritten \u00fcbertragen werden.<\/p>\n\n\n\n<p>Auf unserer Website werden Cookies verwendet, um:<\/p>\n\n\n\n<ol class=\"wp-block-list\">\n<li>Die Funktionalit\u00e4t der Website zu erm\u00f6glichen und die Website zu sch\u00fctzen (technische oder funktionale Cookies);<\/li>\n\n\n\n<li>Die Nutzung der Website zu analysieren und auf dieser Basis die Website zu verbessern (analytische Cookies).<\/li>\n<\/ol>\n\n\n\n<h2 class=\"wp-block-heading\">Social-Media-Buttons<\/h2>\n\n\n\n<p>Wir verwenden Social-Media-Buttons, um Seiten in den sozialen Netzwerken Facebook, Twitter und LinkedIn bewerben oder teilen zu k\u00f6nnen. Die Social-Media-Buttons werden durch Code realisiert, der von Facebook, Twitter und LinkedIn selbst geliefert wird und aktiviert wird, wenn Sie darauf klicken. Wir empfehlen Ihnen daher, die Datenschutzerkl\u00e4rung von Facebook, Twitter und LinkedIn (die sich regelm\u00e4\u00dfig \u00e4ndern kann) einzusehen, damit Sie wissen, was sie mit Ihren personenbezogenen Daten tun, die sie mit diesem Code verarbeiten.<\/p>\n\n\n\n<h2 class=\"wp-block-heading\">IP-Adresse und Domainname<\/h2>\n\n\n\n<p>F\u00fcr die Sicherheit und Optimierung der Website registrieren wir Ihre IP-Adresse und Domainnamen. Wir \u00fcberpr\u00fcfen auch, mit welchem Browser Sie auf unsere Website zugreifen. Dies tun wir, um die Einrichtungen und Funktionen an die Ger\u00e4te des Besuchers anzupassen, um zu verhindern, dass unsere Website nicht gut lesbar ist. Diese Informationen sind unser Eigentum. Die gesammelten Informationen werden verwendet, um unseren Service und Marketingaktivit\u00e4ten zu verbessern. Diese Informationen werden keinesfalls an Dritte weitergegeben, es sei denn, dies ist gesetzlich vorgeschrieben oder erlaubt.<\/p>\n\n\n\n<h2 class=\"wp-block-heading\">Websites von Dritten<\/h2>\n\n\n\n<p>Diese Erkl\u00e4rung gilt nicht f\u00fcr Websites von Dritten, die \u00fcber Links mit unserer Website verbunden sind. Wir k\u00f6nnen nicht garantieren, dass diese Websites auf eine vertrauensw\u00fcrdige oder sichere Weise mit Ihren personenbezogenen Daten umgehen. Lesen Sie immer vor der Nutzung der entsprechenden Website die entsprechende Datenschutzerkl\u00e4rung. Hier finden Sie weitere Informationen dar\u00fcber, wie sie mit Ihren Daten umgehen.<\/p>\n\n\n\n<h2 class=\"wp-block-heading\">Allgemeine Gesch\u00e4ftsbedingungen<\/h2>\n\n\n\n<p>F\u00fcr alle unsere Dienstleistungen gelten unsere Allgemeinen Gesch\u00e4ftsbedingungen. Durch Unterzeichnung eines Dienstleistungsauftrags erkl\u00e4ren Sie sich damit einverstanden, im Besitz zu sein, vertraut zu sein und mit unseren Allgemeinen Gesch\u00e4ftsbedingungen und dieser Datenschutzerkl\u00e4rung einverstanden zu sein.<\/p>\n\n\n\n<h2 class=\"wp-block-heading\">Teilen Sie uns Ihre Meinung mit<\/h2>\n\n\n\n<p>Ihre Meinung ist uns wichtig. Wir legen daher gro\u00dfen Wert auf Ihre Meinung zu unserer Website. Haben Sie Fragen, Anmerkungen oder Vorschl\u00e4ge? Dann nehmen wir diese gerne unter der E-Mail-Adresse <a href=\"mailto:privacy@laarakker.nl\">privacy@laarakker.nl<\/a> entgegen.<\/p>\n\n\n\n<p>Selbstverst\u00e4ndlich helfen wir Ihnen gerne weiter, wenn Sie Beschwerden \u00fcber die Verarbeitung Ihrer personenbezogenen Daten haben. Wenn Sie dennoch keine Einigung mit uns erzielen k\u00f6nnen, haben Sie gem\u00e4\u00df der Datenschutz-Grundverordnung auch das Recht, bei der Datenschutzbeh\u00f6rde, der Autoriteit Persoonsgegevens, eine Beschwerde einzureichen.<\/p>\n\n\n\n<h2 class=\"wp-block-heading\">\u00c4nderung der Datenschutzerkl\u00e4rung<\/h2>\n\n\n\n<p>Wir k\u00f6nnen diese Datenschutzerkl\u00e4rung \u00e4ndern. Wir empfehlen Ihnen daher, diese Erkl\u00e4rung regelm\u00e4\u00dfig zu lesen, um \u00fcber eventuelle \u00c4nderungen auf dem Laufenden zu bleiben.<\/p>\n","protected":false},"excerpt":{"rendered":"<p>Durch die Nutzung unserer Website stimmen Sie der Verwendung Ihrer personenbezogenen Daten gem\u00e4\u00df dieser Datenschutzerkl\u00e4rung zu. Wir verarbeiten personenbezogene Daten ausschlie\u00dflich in \u00dcbereinstimmung mit der Allgemeinen Datenschutzverordnung (DSGVO). Wer sind [&hellip;]<\/p>\n","protected":false},"author":1,"featured_media":0,"parent":0,"menu_order":0,"comment_status":"closed","ping_status":"closed","template":"","meta":{"_acf_changed":false,"footnotes":""},"class_list":["post-725","page","type-page","status-publish","hentry"],"acf":[],"yoast_head":"<!-- This site is optimized with the Yoast SEO plugin v24.4 - https:\/\/yoast.com\/wordpress\/plugins\/seo\/ -->\n<title>Datenschutz- und Cookie-Erkl\u00e4rung - Ecofuels<\/title>\n<meta name=\"description\" content=\"EcoFuels is een vooruitstrevend bedrijf dat verspilling tegengaat. In plaats van storten of verbranden zet EcoFuels organische restromen om in bruikbare materialen.\" \/>\n<meta name=\"robots\" content=\"index, follow, max-snippet:-1, max-image-preview:large, max-video-preview:-1\" \/>\n<link rel=\"canonical\" href=\"https:\/\/ecofuels.nl\/de\/datenschutz-und-cookie-erklarung\/\" \/>\n<meta property=\"og:locale\" content=\"de_DE\" \/>\n<meta property=\"og:type\" content=\"article\" \/>\n<meta property=\"og:title\" content=\"Datenschutz- und Cookie-Erkl\u00e4rung - Ecofuels\" \/>\n<meta property=\"og:description\" content=\"EcoFuels is een vooruitstrevend bedrijf dat verspilling tegengaat. In plaats van storten of verbranden zet EcoFuels organische restromen om in bruikbare materialen.\" \/>\n<meta property=\"og:url\" content=\"https:\/\/ecofuels.nl\/de\/datenschutz-und-cookie-erklarung\/\" \/>\n<meta property=\"og:site_name\" content=\"Ecofuels\" \/>\n<meta property=\"article:modified_time\" content=\"2023-03-13T10:09:09+00:00\" \/>\n<meta name=\"twitter:card\" content=\"summary_large_image\" \/>\n<meta name=\"twitter:label1\" content=\"Gesch\u00e4tzte Lesezeit\" \/>\n\t<meta name=\"twitter:data1\" content=\"7\u00a0Minuten\" \/>\n<script type=\"application\/ld+json\" class=\"yoast-schema-graph\">{\"@context\":\"https:\/\/schema.org\",\"@graph\":[{\"@type\":\"WebPage\",\"@id\":\"https:\/\/ecofuels.nl\/de\/datenschutz-und-cookie-erklarung\/\",\"url\":\"https:\/\/ecofuels.nl\/de\/datenschutz-und-cookie-erklarung\/\",\"name\":\"Datenschutz- und Cookie-Erkl\u00e4rung - Ecofuels\",\"isPartOf\":{\"@id\":\"https:\/\/ecofuels.nl\/de\/#website\"},\"datePublished\":\"2022-04-26T13:05:11+00:00\",\"dateModified\":\"2023-03-13T10:09:09+00:00\",\"description\":\"EcoFuels is een vooruitstrevend bedrijf dat verspilling tegengaat. In plaats van storten of verbranden zet EcoFuels organische restromen om in bruikbare materialen.\",\"breadcrumb\":{\"@id\":\"https:\/\/ecofuels.nl\/de\/datenschutz-und-cookie-erklarung\/#breadcrumb\"},\"inLanguage\":\"de\",\"potentialAction\":[{\"@type\":\"ReadAction\",\"target\":[\"https:\/\/ecofuels.nl\/de\/datenschutz-und-cookie-erklarung\/\"]}]},{\"@type\":\"BreadcrumbList\",\"@id\":\"https:\/\/ecofuels.nl\/de\/datenschutz-und-cookie-erklarung\/#breadcrumb\",\"itemListElement\":[{\"@type\":\"ListItem\",\"position\":1,\"name\":\"Home\",\"item\":\"https:\/\/ecofuels.nl\/de\/\"},{\"@type\":\"ListItem\",\"position\":2,\"name\":\"Datenschutz- und Cookie-Erkl\u00e4rung\"}]},{\"@type\":\"WebSite\",\"@id\":\"https:\/\/ecofuels.nl\/de\/#website\",\"url\":\"https:\/\/ecofuels.nl\/de\/\",\"name\":\"Ecofuels\",\"description\":\"\",\"potentialAction\":[{\"@type\":\"SearchAction\",\"target\":{\"@type\":\"EntryPoint\",\"urlTemplate\":\"https:\/\/ecofuels.nl\/de\/?s={search_term_string}\"},\"query-input\":{\"@type\":\"PropertyValueSpecification\",\"valueRequired\":true,\"valueName\":\"search_term_string\"}}],\"inLanguage\":\"de\"}]}<\/script>\n<!-- \/ Yoast SEO plugin. -->","yoast_head_json":{"title":"Datenschutz- und Cookie-Erkl\u00e4rung - Ecofuels","description":"EcoFuels is een vooruitstrevend bedrijf dat verspilling tegengaat. In plaats van storten of verbranden zet EcoFuels organische restromen om in bruikbare materialen.","robots":{"index":"index","follow":"follow","max-snippet":"max-snippet:-1","max-image-preview":"max-image-preview:large","max-video-preview":"max-video-preview:-1"},"canonical":"https:\/\/ecofuels.nl\/de\/datenschutz-und-cookie-erklarung\/","og_locale":"de_DE","og_type":"article","og_title":"Datenschutz- und Cookie-Erkl\u00e4rung - Ecofuels","og_description":"EcoFuels is een vooruitstrevend bedrijf dat verspilling tegengaat. In plaats van storten of verbranden zet EcoFuels organische restromen om in bruikbare materialen.","og_url":"https:\/\/ecofuels.nl\/de\/datenschutz-und-cookie-erklarung\/","og_site_name":"Ecofuels","article_modified_time":"2023-03-13T10:09:09+00:00","twitter_card":"summary_large_image","twitter_misc":{"Gesch\u00e4tzte Lesezeit":"7\u00a0Minuten"},"schema":{"@context":"https:\/\/schema.org","@graph":[{"@type":"WebPage","@id":"https:\/\/ecofuels.nl\/de\/datenschutz-und-cookie-erklarung\/","url":"https:\/\/ecofuels.nl\/de\/datenschutz-und-cookie-erklarung\/","name":"Datenschutz- und Cookie-Erkl\u00e4rung - Ecofuels","isPartOf":{"@id":"https:\/\/ecofuels.nl\/de\/#website"},"datePublished":"2022-04-26T13:05:11+00:00","dateModified":"2023-03-13T10:09:09+00:00","description":"EcoFuels is een vooruitstrevend bedrijf dat verspilling tegengaat. In plaats van storten of verbranden zet EcoFuels organische restromen om in bruikbare materialen.","breadcrumb":{"@id":"https:\/\/ecofuels.nl\/de\/datenschutz-und-cookie-erklarung\/#breadcrumb"},"inLanguage":"de","potentialAction":[{"@type":"ReadAction","target":["https:\/\/ecofuels.nl\/de\/datenschutz-und-cookie-erklarung\/"]}]},{"@type":"BreadcrumbList","@id":"https:\/\/ecofuels.nl\/de\/datenschutz-und-cookie-erklarung\/#breadcrumb","itemListElement":[{"@type":"ListItem","position":1,"name":"Home","item":"https:\/\/ecofuels.nl\/de\/"},{"@type":"ListItem","position":2,"name":"Datenschutz- und Cookie-Erkl\u00e4rung"}]},{"@type":"WebSite","@id":"https:\/\/ecofuels.nl\/de\/#website","url":"https:\/\/ecofuels.nl\/de\/","name":"Ecofuels","description":"","potentialAction":[{"@type":"SearchAction","target":{"@type":"EntryPoint","urlTemplate":"https:\/\/ecofuels.nl\/de\/?s={search_term_string}"},"query-input":{"@type":"PropertyValueSpecification","valueRequired":true,"valueName":"search_term_string"}}],"inLanguage":"de"}]}},"_links":{"self":[{"href":"https:\/\/ecofuels.nl\/de\/wp-json\/wp\/v2\/pages\/725","targetHints":{"allow":["GET"]}}],"collection":[{"href":"https:\/\/ecofuels.nl\/de\/wp-json\/wp\/v2\/pages"}],"about":[{"href":"https:\/\/ecofuels.nl\/de\/wp-json\/wp\/v2\/types\/page"}],"author":[{"embeddable":true,"href":"https:\/\/ecofuels.nl\/de\/wp-json\/wp\/v2\/users\/1"}],"replies":[{"embeddable":true,"href":"https:\/\/ecofuels.nl\/de\/wp-json\/wp\/v2\/comments?post=725"}],"version-history":[{"count":1,"href":"https:\/\/ecofuels.nl\/de\/wp-json\/wp\/v2\/pages\/725\/revisions"}],"predecessor-version":[{"id":726,"href":"https:\/\/ecofuels.nl\/de\/wp-json\/wp\/v2\/pages\/725\/revisions\/726"}],"wp:attachment":[{"href":"https:\/\/ecofuels.nl\/de\/wp-json\/wp\/v2\/media?parent=725"}],"curies":[{"name":"wp","href":"https:\/\/api.w.org\/{rel}","templated":true}]}}