{"id":659,"date":"2022-08-22T11:58:04","date_gmt":"2022-08-22T11:58:04","guid":{"rendered":"https:\/\/ecofuels.nl\/?page_id=659"},"modified":"2022-12-08T12:43:19","modified_gmt":"2022-12-08T12:43:19","slug":"rohhstoffe","status":"publish","type":"page","link":"https:\/\/ecofuels.nl\/de\/rohhstoffe\/","title":{"rendered":"Rohhstoffe"},"content":{"rendered":"\n<div class=\"wp-block-columns is-layout-flex wp-container-core-columns-is-layout-9d6595d7 wp-block-columns-is-layout-flex\">\n<div class=\"wp-block-column is-layout-flow wp-block-column-is-layout-flow\" style=\"flex-basis:66.66%\">\n<p>EcoFuels verarbeitet j\u00e4hrlich 100.000 Tonnen \u201enasse\u201c organische Reststr\u00f6me (+10 % Trockenmasse). Diese organischen Reststr\u00f6me stammen haupts\u00e4chlich von ISO- oder HACCP-zertifizierten Lieferanten aus dem Ackerbau, Gartenbau, und der Verarbeitungs- und Lebensmittelindustrie, mit denen wir mehrj\u00e4hrige Vertr\u00e4ge haben.<\/p>\n\n\n\n<p>Dar\u00fcber hinaus sind wir ein staatlich anerkannter Verarbeitungsbetrieb f\u00fcr Materialien der Kategorie 3 (z. B. Lebensmittel oder Lebensmittel mit abgelaufenem Verfallsdatum). Unser Unternehmen ist ein anerkannter Abfallverarbeiter und alle organischen Reststr\u00f6me, die von EcoFuels verarbeitet werden, werden unter einer Abfallstromnummer und mit einem Eural-Code angenommen.<\/p>\n\n\n\n<p>Besitzen Sie organische Reststr\u00f6me? Wir k\u00f6nnen gro\u00dfe Mengen (bis zu 400 Tonnen pro Tag) verarbeiten. Unsere Mitarbeiter sagen Ihnen gerne, was wir f\u00fcr Sie tun k\u00f6nnen.<\/p>\n<\/div>\n\n\n\n<div class=\"wp-block-column is-layout-flow wp-block-column-is-layout-flow\" style=\"flex-basis:33.33%\">\n<figure class=\"wp-block-image size-full\"><img loading=\"lazy\" decoding=\"async\" width=\"550\" height=\"550\" src=\"https:\/\/ecofuels.nl\/wp-content\/uploads\/2022\/08\/gronstoffen_tonnen.jpg\" alt=\"\" class=\"wp-image-608\" srcset=\"https:\/\/ecofuels.nl\/wp-content\/uploads\/2022\/08\/gronstoffen_tonnen.jpg 550w, https:\/\/ecofuels.nl\/wp-content\/uploads\/2022\/08\/gronstoffen_tonnen-300x300.jpg 300w, https:\/\/ecofuels.nl\/wp-content\/uploads\/2022\/08\/gronstoffen_tonnen-150x150.jpg 150w\" sizes=\"auto, (max-width: 550px) 100vw, 550px\" \/><\/figure>\n<\/div>\n<\/div>\n","protected":false},"excerpt":{"rendered":"<p>EcoFuels verarbeitet j\u00e4hrlich 100.000 Tonnen \u201enasse\u201c organische Reststr\u00f6me (+10 % Trockenmasse). Diese organischen Reststr\u00f6me stammen haupts\u00e4chlich von ISO- oder HACCP-zertifizierten Lieferanten aus dem Ackerbau, Gartenbau, und der Verarbeitungs- und Lebensmittelindustrie, [&hellip;]<\/p>\n","protected":false},"author":1,"featured_media":607,"parent":0,"menu_order":0,"comment_status":"closed","ping_status":"closed","template":"","meta":{"_acf_changed":false,"footnotes":""},"class_list":["post-659","page","type-page","status-publish","has-post-thumbnail","hentry"],"acf":[],"yoast_head":"<!-- This site is optimized with the Yoast SEO plugin v27.5 - https:\/\/yoast.com\/product\/yoast-seo-wordpress\/ -->\n<title>Rohhstoffe - Ecofuels<\/title>\n<meta name=\"description\" content=\"EcoFuels is een vooruitstrevend bedrijf dat verspilling tegengaat. In plaats van storten of verbranden zet EcoFuels organische restromen om in bruikbare materialen.\" \/>\n<meta name=\"robots\" content=\"index, follow, max-snippet:-1, max-image-preview:large, max-video-preview:-1\" \/>\n<link rel=\"canonical\" href=\"https:\/\/ecofuels.nl\/de\/rohhstoffe\/\" \/>\n<meta property=\"og:locale\" content=\"de_DE\" \/>\n<meta property=\"og:type\" content=\"article\" \/>\n<meta property=\"og:title\" content=\"Rohhstoffe - Ecofuels\" \/>\n<meta property=\"og:description\" content=\"EcoFuels is een vooruitstrevend bedrijf dat verspilling tegengaat. In plaats van storten of verbranden zet EcoFuels organische restromen om in bruikbare materialen.\" \/>\n<meta property=\"og:url\" content=\"https:\/\/ecofuels.nl\/de\/rohhstoffe\/\" \/>\n<meta property=\"og:site_name\" content=\"Ecofuels\" \/>\n<meta property=\"article:modified_time\" content=\"2022-12-08T12:43:19+00:00\" \/>\n<meta property=\"og:image\" content=\"https:\/\/ecofuels.nl\/wp-content\/uploads\/2022\/08\/aardappelverwerking-1.jpg\" \/>\n\t<meta property=\"og:image:width\" content=\"1920\" \/>\n\t<meta property=\"og:image:height\" content=\"500\" \/>\n\t<meta property=\"og:image:type\" content=\"image\/jpeg\" \/>\n<meta name=\"twitter:card\" content=\"summary_large_image\" \/>\n<meta name=\"twitter:label1\" content=\"Gesch\u00e4tzte Lesezeit\" \/>\n\t<meta name=\"twitter:data1\" content=\"1\u00a0Minute\" \/>\n<script type=\"application\/ld+json\" class=\"yoast-schema-graph\">{\"@context\":\"https:\\\/\\\/schema.org\",\"@graph\":[{\"@type\":\"WebPage\",\"@id\":\"https:\\\/\\\/ecofuels.nl\\\/de\\\/rohhstoffe\\\/\",\"url\":\"https:\\\/\\\/ecofuels.nl\\\/de\\\/rohhstoffe\\\/\",\"name\":\"Rohhstoffe - Ecofuels\",\"isPartOf\":{\"@id\":\"https:\\\/\\\/ecofuels.nl\\\/de\\\/#website\"},\"primaryImageOfPage\":{\"@id\":\"https:\\\/\\\/ecofuels.nl\\\/de\\\/rohhstoffe\\\/#primaryimage\"},\"image\":{\"@id\":\"https:\\\/\\\/ecofuels.nl\\\/de\\\/rohhstoffe\\\/#primaryimage\"},\"thumbnailUrl\":\"https:\\\/\\\/ecofuels.nl\\\/wp-content\\\/uploads\\\/2022\\\/08\\\/aardappelverwerking-1.jpg\",\"datePublished\":\"2022-08-22T11:58:04+00:00\",\"dateModified\":\"2022-12-08T12:43:19+00:00\",\"description\":\"EcoFuels is een vooruitstrevend bedrijf dat verspilling tegengaat. In plaats van storten of verbranden zet EcoFuels organische restromen om in bruikbare materialen.\",\"breadcrumb\":{\"@id\":\"https:\\\/\\\/ecofuels.nl\\\/de\\\/rohhstoffe\\\/#breadcrumb\"},\"inLanguage\":\"de\",\"potentialAction\":[{\"@type\":\"ReadAction\",\"target\":[\"https:\\\/\\\/ecofuels.nl\\\/de\\\/rohhstoffe\\\/\"]}]},{\"@type\":\"ImageObject\",\"inLanguage\":\"de\",\"@id\":\"https:\\\/\\\/ecofuels.nl\\\/de\\\/rohhstoffe\\\/#primaryimage\",\"url\":\"https:\\\/\\\/ecofuels.nl\\\/wp-content\\\/uploads\\\/2022\\\/08\\\/aardappelverwerking-1.jpg\",\"contentUrl\":\"https:\\\/\\\/ecofuels.nl\\\/wp-content\\\/uploads\\\/2022\\\/08\\\/aardappelverwerking-1.jpg\",\"width\":1920,\"height\":500},{\"@type\":\"BreadcrumbList\",\"@id\":\"https:\\\/\\\/ecofuels.nl\\\/de\\\/rohhstoffe\\\/#breadcrumb\",\"itemListElement\":[{\"@type\":\"ListItem\",\"position\":1,\"name\":\"Home\",\"item\":\"https:\\\/\\\/ecofuels.nl\\\/de\\\/\"},{\"@type\":\"ListItem\",\"position\":2,\"name\":\"Rohhstoffe\"}]},{\"@type\":\"WebSite\",\"@id\":\"https:\\\/\\\/ecofuels.nl\\\/de\\\/#website\",\"url\":\"https:\\\/\\\/ecofuels.nl\\\/de\\\/\",\"name\":\"Ecofuels\",\"description\":\"\",\"potentialAction\":[{\"@type\":\"SearchAction\",\"target\":{\"@type\":\"EntryPoint\",\"urlTemplate\":\"https:\\\/\\\/ecofuels.nl\\\/de\\\/?s={search_term_string}\"},\"query-input\":{\"@type\":\"PropertyValueSpecification\",\"valueRequired\":true,\"valueName\":\"search_term_string\"}}],\"inLanguage\":\"de\"}]}<\/script>\n<!-- \/ Yoast SEO plugin. -->","yoast_head_json":{"title":"Rohhstoffe - Ecofuels","description":"EcoFuels is een vooruitstrevend bedrijf dat verspilling tegengaat. In plaats van storten of verbranden zet EcoFuels organische restromen om in bruikbare materialen.","robots":{"index":"index","follow":"follow","max-snippet":"max-snippet:-1","max-image-preview":"max-image-preview:large","max-video-preview":"max-video-preview:-1"},"canonical":"https:\/\/ecofuels.nl\/de\/rohhstoffe\/","og_locale":"de_DE","og_type":"article","og_title":"Rohhstoffe - Ecofuels","og_description":"EcoFuels is een vooruitstrevend bedrijf dat verspilling tegengaat. In plaats van storten of verbranden zet EcoFuels organische restromen om in bruikbare materialen.","og_url":"https:\/\/ecofuels.nl\/de\/rohhstoffe\/","og_site_name":"Ecofuels","article_modified_time":"2022-12-08T12:43:19+00:00","og_image":[{"width":1920,"height":500,"url":"https:\/\/ecofuels.nl\/wp-content\/uploads\/2022\/08\/aardappelverwerking-1.jpg","type":"image\/jpeg"}],"twitter_card":"summary_large_image","twitter_misc":{"Gesch\u00e4tzte Lesezeit":"1\u00a0Minute"},"schema":{"@context":"https:\/\/schema.org","@graph":[{"@type":"WebPage","@id":"https:\/\/ecofuels.nl\/de\/rohhstoffe\/","url":"https:\/\/ecofuels.nl\/de\/rohhstoffe\/","name":"Rohhstoffe - Ecofuels","isPartOf":{"@id":"https:\/\/ecofuels.nl\/de\/#website"},"primaryImageOfPage":{"@id":"https:\/\/ecofuels.nl\/de\/rohhstoffe\/#primaryimage"},"image":{"@id":"https:\/\/ecofuels.nl\/de\/rohhstoffe\/#primaryimage"},"thumbnailUrl":"https:\/\/ecofuels.nl\/wp-content\/uploads\/2022\/08\/aardappelverwerking-1.jpg","datePublished":"2022-08-22T11:58:04+00:00","dateModified":"2022-12-08T12:43:19+00:00","description":"EcoFuels is een vooruitstrevend bedrijf dat verspilling tegengaat. In plaats van storten of verbranden zet EcoFuels organische restromen om in bruikbare materialen.","breadcrumb":{"@id":"https:\/\/ecofuels.nl\/de\/rohhstoffe\/#breadcrumb"},"inLanguage":"de","potentialAction":[{"@type":"ReadAction","target":["https:\/\/ecofuels.nl\/de\/rohhstoffe\/"]}]},{"@type":"ImageObject","inLanguage":"de","@id":"https:\/\/ecofuels.nl\/de\/rohhstoffe\/#primaryimage","url":"https:\/\/ecofuels.nl\/wp-content\/uploads\/2022\/08\/aardappelverwerking-1.jpg","contentUrl":"https:\/\/ecofuels.nl\/wp-content\/uploads\/2022\/08\/aardappelverwerking-1.jpg","width":1920,"height":500},{"@type":"BreadcrumbList","@id":"https:\/\/ecofuels.nl\/de\/rohhstoffe\/#breadcrumb","itemListElement":[{"@type":"ListItem","position":1,"name":"Home","item":"https:\/\/ecofuels.nl\/de\/"},{"@type":"ListItem","position":2,"name":"Rohhstoffe"}]},{"@type":"WebSite","@id":"https:\/\/ecofuels.nl\/de\/#website","url":"https:\/\/ecofuels.nl\/de\/","name":"Ecofuels","description":"","potentialAction":[{"@type":"SearchAction","target":{"@type":"EntryPoint","urlTemplate":"https:\/\/ecofuels.nl\/de\/?s={search_term_string}"},"query-input":{"@type":"PropertyValueSpecification","valueRequired":true,"valueName":"search_term_string"}}],"inLanguage":"de"}]}},"_links":{"self":[{"href":"https:\/\/ecofuels.nl\/de\/wp-json\/wp\/v2\/pages\/659","targetHints":{"allow":["GET"]}}],"collection":[{"href":"https:\/\/ecofuels.nl\/de\/wp-json\/wp\/v2\/pages"}],"about":[{"href":"https:\/\/ecofuels.nl\/de\/wp-json\/wp\/v2\/types\/page"}],"author":[{"embeddable":true,"href":"https:\/\/ecofuels.nl\/de\/wp-json\/wp\/v2\/users\/1"}],"replies":[{"embeddable":true,"href":"https:\/\/ecofuels.nl\/de\/wp-json\/wp\/v2\/comments?post=659"}],"version-history":[{"count":2,"href":"https:\/\/ecofuels.nl\/de\/wp-json\/wp\/v2\/pages\/659\/revisions"}],"predecessor-version":[{"id":673,"href":"https:\/\/ecofuels.nl\/de\/wp-json\/wp\/v2\/pages\/659\/revisions\/673"}],"wp:featuredmedia":[{"embeddable":true,"href":"https:\/\/ecofuels.nl\/de\/wp-json\/wp\/v2\/media\/607"}],"wp:attachment":[{"href":"https:\/\/ecofuels.nl\/de\/wp-json\/wp\/v2\/media?parent=659"}],"curies":[{"name":"wp","href":"https:\/\/api.w.org\/{rel}","templated":true}]}}