{"id":318,"date":"2022-01-24T13:35:44","date_gmt":"2022-01-24T13:35:44","guid":{"rendered":"https:\/\/ecofuels.nl\/ueber-uns\/"},"modified":"2023-03-13T14:29:02","modified_gmt":"2023-03-13T14:29:02","slug":"ueber-uns","status":"publish","type":"page","link":"https:\/\/ecofuels.nl\/de\/ueber-uns\/","title":{"rendered":"\u00dcber uns"},"content":{"rendered":"\n<div class=\"wp-block-columns is-layout-flex wp-container-core-columns-is-layout-9d6595d7 wp-block-columns-is-layout-flex\">\n<div class=\"wp-block-column is-layout-flow wp-block-column-is-layout-flow\" style=\"flex-basis:66.66%\">\n<h2 class=\"wp-block-heading\" id=\"wie-zijn-wij\"><strong>Wer sind wir<\/strong><strong><\/strong><\/h2>\n\n\n\n<p>EcoFuels ist der Produzent von 100% gr\u00fcner Energie aus organischen Reststoffen. Das besondere an unserem Unternehmen ist, dass wir in den letzten Jahren zu einem der Spezialisten auf dem Gebiet der termophilen Verg\u00e4rung organischer Reststoffe herangewachsen sind. Diese Art der Verg\u00e4rung ist absolut nicht vergleichbar mit den landwirtschaftlichen Co-Verg\u00e4rungs-Biogasanlagen. EcoFuels ist ein industrieller, biochemischer Produktionsbetrieb, der durch hochqualifiziertes und fachkundiges Personal geleitet wird. Seit der Gr\u00fcndung im Jahr 2006 haben wir insgesamt \u00fcber 13 Millionen Euro investiert.<\/p>\n<\/div>\n\n\n\n<div class=\"wp-block-column is-layout-flow wp-block-column-is-layout-flow\" style=\"flex-basis:33.33%\">\n<figure class=\"wp-block-image size-full\"><img loading=\"lazy\" decoding=\"async\" width=\"550\" height=\"550\" src=\"https:\/\/ecofuels.nl\/wp-content\/uploads\/2022\/02\/Contractteelt.jpg\" alt=\"\" class=\"wp-image-53\" srcset=\"https:\/\/ecofuels.nl\/wp-content\/uploads\/2022\/02\/Contractteelt.jpg 550w, https:\/\/ecofuels.nl\/wp-content\/uploads\/2022\/02\/Contractteelt-300x300.jpg 300w, https:\/\/ecofuels.nl\/wp-content\/uploads\/2022\/02\/Contractteelt-150x150.jpg 150w\" sizes=\"auto, (max-width: 550px) 100vw, 550px\" \/><\/figure>\n<\/div>\n<\/div>\n\n\n\n<h2 class=\"wp-block-heading\" id=\"visie-strategie\"><strong>Vision \/ Strategie<\/strong><\/h2>\n\n\n\n<p>Unsere Bedingungen sind, eine h\u00f6chstm\u00f6gliche Energieeffizienz zu erreichen und keine Abf\u00e4lle zu produzieren. So sind wir zur thermophilen Fermentation gekommen. Wir verarbeiten keine G\u00fclle, Materialien der Kategorien 1 und 2 und Kl\u00e4rschlamm.<\/p>\n\n\n\n<p>EcoFuels beobachtet den Energiemarkt genau und reagiert auf neue Entwicklungen. Wir produzieren mittlerweile weitere Endprodukte als nur Strom und W\u00e4rme. Seit 2011 werden auch gr\u00fcnes, nachhaltiges Erdgas und fl\u00fcssiges, kurzzyklisches Kohlendioxid hergestellt. Das von uns produzierte gr\u00fcne Erdgas wird in das Erdgasnetz eingespeist, um es in Haushalten, Unternehmen und f\u00fcr Transportzwecke zu nutzen. Wir sehen noch weitere Innovationsm\u00f6glichkeiten: Es ist nicht ausgeschlossen, dass wir in Zukunft fl\u00fcssiges Bio-Erdgas (Bio-LBG) produzieren und den vorhandenen<\/p>\n\n\n\n<p>Stickstoff und Phosphor zu breit einsetzbaren D\u00fcngemitteln aufarbeiten. Entscheidend ist das Marktpotenzial.<\/p>\n","protected":false},"excerpt":{"rendered":"<p>Wer sind wir EcoFuels ist der Produzent von 100% gr\u00fcner Energie aus organischen Reststoffen. Das besondere an unserem Unternehmen ist, dass wir in den letzten Jahren zu einem der Spezialisten [&hellip;]<\/p>\n","protected":false},"author":1,"featured_media":525,"parent":0,"menu_order":0,"comment_status":"closed","ping_status":"closed","template":"","meta":{"_acf_changed":false,"footnotes":""},"class_list":["post-318","page","type-page","status-publish","has-post-thumbnail","hentry"],"acf":[],"yoast_head":"<!-- This site is optimized with the Yoast SEO plugin v27.5 - https:\/\/yoast.com\/product\/yoast-seo-wordpress\/ -->\n<title>\u00dcber uns - Ecofuels<\/title>\n<meta name=\"description\" content=\"EcoFuels is een vooruitstrevend bedrijf dat verspilling tegengaat. In plaats van storten of verbranden zet EcoFuels organische restromen om in bruikbare materialen.\" \/>\n<meta name=\"robots\" content=\"index, follow, max-snippet:-1, max-image-preview:large, max-video-preview:-1\" \/>\n<link rel=\"canonical\" href=\"https:\/\/ecofuels.nl\/de\/ueber-uns\/\" \/>\n<meta property=\"og:locale\" content=\"de_DE\" \/>\n<meta property=\"og:type\" content=\"article\" \/>\n<meta property=\"og:title\" content=\"\u00dcber uns - Ecofuels\" \/>\n<meta property=\"og:description\" content=\"EcoFuels is een vooruitstrevend bedrijf dat verspilling tegengaat. In plaats van storten of verbranden zet EcoFuels organische restromen om in bruikbare materialen.\" \/>\n<meta property=\"og:url\" content=\"https:\/\/ecofuels.nl\/de\/ueber-uns\/\" \/>\n<meta property=\"og:site_name\" content=\"Ecofuels\" \/>\n<meta property=\"article:modified_time\" content=\"2023-03-13T14:29:02+00:00\" \/>\n<meta property=\"og:image\" content=\"https:\/\/ecofuels.nl\/wp-content\/uploads\/2022\/08\/ecofuels_over-ons.jpg\" \/>\n\t<meta property=\"og:image:width\" content=\"1920\" \/>\n\t<meta property=\"og:image:height\" content=\"500\" \/>\n\t<meta property=\"og:image:type\" content=\"image\/jpeg\" \/>\n<meta name=\"twitter:card\" content=\"summary_large_image\" \/>\n<meta name=\"twitter:label1\" content=\"Gesch\u00e4tzte Lesezeit\" \/>\n\t<meta name=\"twitter:data1\" content=\"2\u00a0Minuten\" \/>\n<script type=\"application\/ld+json\" class=\"yoast-schema-graph\">{\"@context\":\"https:\\\/\\\/schema.org\",\"@graph\":[{\"@type\":\"WebPage\",\"@id\":\"https:\\\/\\\/ecofuels.nl\\\/de\\\/ueber-uns\\\/\",\"url\":\"https:\\\/\\\/ecofuels.nl\\\/de\\\/ueber-uns\\\/\",\"name\":\"\u00dcber uns - Ecofuels\",\"isPartOf\":{\"@id\":\"https:\\\/\\\/ecofuels.nl\\\/de\\\/#website\"},\"primaryImageOfPage\":{\"@id\":\"https:\\\/\\\/ecofuels.nl\\\/de\\\/ueber-uns\\\/#primaryimage\"},\"image\":{\"@id\":\"https:\\\/\\\/ecofuels.nl\\\/de\\\/ueber-uns\\\/#primaryimage\"},\"thumbnailUrl\":\"https:\\\/\\\/ecofuels.nl\\\/wp-content\\\/uploads\\\/2022\\\/08\\\/ecofuels_over-ons.jpg\",\"datePublished\":\"2022-01-24T13:35:44+00:00\",\"dateModified\":\"2023-03-13T14:29:02+00:00\",\"description\":\"EcoFuels is een vooruitstrevend bedrijf dat verspilling tegengaat. In plaats van storten of verbranden zet EcoFuels organische restromen om in bruikbare materialen.\",\"breadcrumb\":{\"@id\":\"https:\\\/\\\/ecofuels.nl\\\/de\\\/ueber-uns\\\/#breadcrumb\"},\"inLanguage\":\"de\",\"potentialAction\":[{\"@type\":\"ReadAction\",\"target\":[\"https:\\\/\\\/ecofuels.nl\\\/de\\\/ueber-uns\\\/\"]}]},{\"@type\":\"ImageObject\",\"inLanguage\":\"de\",\"@id\":\"https:\\\/\\\/ecofuels.nl\\\/de\\\/ueber-uns\\\/#primaryimage\",\"url\":\"https:\\\/\\\/ecofuels.nl\\\/wp-content\\\/uploads\\\/2022\\\/08\\\/ecofuels_over-ons.jpg\",\"contentUrl\":\"https:\\\/\\\/ecofuels.nl\\\/wp-content\\\/uploads\\\/2022\\\/08\\\/ecofuels_over-ons.jpg\",\"width\":1920,\"height\":500},{\"@type\":\"BreadcrumbList\",\"@id\":\"https:\\\/\\\/ecofuels.nl\\\/de\\\/ueber-uns\\\/#breadcrumb\",\"itemListElement\":[{\"@type\":\"ListItem\",\"position\":1,\"name\":\"Home\",\"item\":\"https:\\\/\\\/ecofuels.nl\\\/de\\\/\"},{\"@type\":\"ListItem\",\"position\":2,\"name\":\"\u00dcber uns\"}]},{\"@type\":\"WebSite\",\"@id\":\"https:\\\/\\\/ecofuels.nl\\\/de\\\/#website\",\"url\":\"https:\\\/\\\/ecofuels.nl\\\/de\\\/\",\"name\":\"Ecofuels\",\"description\":\"\",\"potentialAction\":[{\"@type\":\"SearchAction\",\"target\":{\"@type\":\"EntryPoint\",\"urlTemplate\":\"https:\\\/\\\/ecofuels.nl\\\/de\\\/?s={search_term_string}\"},\"query-input\":{\"@type\":\"PropertyValueSpecification\",\"valueRequired\":true,\"valueName\":\"search_term_string\"}}],\"inLanguage\":\"de\"}]}<\/script>\n<!-- \/ Yoast SEO plugin. -->","yoast_head_json":{"title":"\u00dcber uns - Ecofuels","description":"EcoFuels is een vooruitstrevend bedrijf dat verspilling tegengaat. In plaats van storten of verbranden zet EcoFuels organische restromen om in bruikbare materialen.","robots":{"index":"index","follow":"follow","max-snippet":"max-snippet:-1","max-image-preview":"max-image-preview:large","max-video-preview":"max-video-preview:-1"},"canonical":"https:\/\/ecofuels.nl\/de\/ueber-uns\/","og_locale":"de_DE","og_type":"article","og_title":"\u00dcber uns - Ecofuels","og_description":"EcoFuels is een vooruitstrevend bedrijf dat verspilling tegengaat. In plaats van storten of verbranden zet EcoFuels organische restromen om in bruikbare materialen.","og_url":"https:\/\/ecofuels.nl\/de\/ueber-uns\/","og_site_name":"Ecofuels","article_modified_time":"2023-03-13T14:29:02+00:00","og_image":[{"width":1920,"height":500,"url":"https:\/\/ecofuels.nl\/wp-content\/uploads\/2022\/08\/ecofuels_over-ons.jpg","type":"image\/jpeg"}],"twitter_card":"summary_large_image","twitter_misc":{"Gesch\u00e4tzte Lesezeit":"2\u00a0Minuten"},"schema":{"@context":"https:\/\/schema.org","@graph":[{"@type":"WebPage","@id":"https:\/\/ecofuels.nl\/de\/ueber-uns\/","url":"https:\/\/ecofuels.nl\/de\/ueber-uns\/","name":"\u00dcber uns - Ecofuels","isPartOf":{"@id":"https:\/\/ecofuels.nl\/de\/#website"},"primaryImageOfPage":{"@id":"https:\/\/ecofuels.nl\/de\/ueber-uns\/#primaryimage"},"image":{"@id":"https:\/\/ecofuels.nl\/de\/ueber-uns\/#primaryimage"},"thumbnailUrl":"https:\/\/ecofuels.nl\/wp-content\/uploads\/2022\/08\/ecofuels_over-ons.jpg","datePublished":"2022-01-24T13:35:44+00:00","dateModified":"2023-03-13T14:29:02+00:00","description":"EcoFuels is een vooruitstrevend bedrijf dat verspilling tegengaat. In plaats van storten of verbranden zet EcoFuels organische restromen om in bruikbare materialen.","breadcrumb":{"@id":"https:\/\/ecofuels.nl\/de\/ueber-uns\/#breadcrumb"},"inLanguage":"de","potentialAction":[{"@type":"ReadAction","target":["https:\/\/ecofuels.nl\/de\/ueber-uns\/"]}]},{"@type":"ImageObject","inLanguage":"de","@id":"https:\/\/ecofuels.nl\/de\/ueber-uns\/#primaryimage","url":"https:\/\/ecofuels.nl\/wp-content\/uploads\/2022\/08\/ecofuels_over-ons.jpg","contentUrl":"https:\/\/ecofuels.nl\/wp-content\/uploads\/2022\/08\/ecofuels_over-ons.jpg","width":1920,"height":500},{"@type":"BreadcrumbList","@id":"https:\/\/ecofuels.nl\/de\/ueber-uns\/#breadcrumb","itemListElement":[{"@type":"ListItem","position":1,"name":"Home","item":"https:\/\/ecofuels.nl\/de\/"},{"@type":"ListItem","position":2,"name":"\u00dcber uns"}]},{"@type":"WebSite","@id":"https:\/\/ecofuels.nl\/de\/#website","url":"https:\/\/ecofuels.nl\/de\/","name":"Ecofuels","description":"","potentialAction":[{"@type":"SearchAction","target":{"@type":"EntryPoint","urlTemplate":"https:\/\/ecofuels.nl\/de\/?s={search_term_string}"},"query-input":{"@type":"PropertyValueSpecification","valueRequired":true,"valueName":"search_term_string"}}],"inLanguage":"de"}]}},"_links":{"self":[{"href":"https:\/\/ecofuels.nl\/de\/wp-json\/wp\/v2\/pages\/318","targetHints":{"allow":["GET"]}}],"collection":[{"href":"https:\/\/ecofuels.nl\/de\/wp-json\/wp\/v2\/pages"}],"about":[{"href":"https:\/\/ecofuels.nl\/de\/wp-json\/wp\/v2\/types\/page"}],"author":[{"embeddable":true,"href":"https:\/\/ecofuels.nl\/de\/wp-json\/wp\/v2\/users\/1"}],"replies":[{"embeddable":true,"href":"https:\/\/ecofuels.nl\/de\/wp-json\/wp\/v2\/comments?post=318"}],"version-history":[{"count":6,"href":"https:\/\/ecofuels.nl\/de\/wp-json\/wp\/v2\/pages\/318\/revisions"}],"predecessor-version":[{"id":727,"href":"https:\/\/ecofuels.nl\/de\/wp-json\/wp\/v2\/pages\/318\/revisions\/727"}],"wp:featuredmedia":[{"embeddable":true,"href":"https:\/\/ecofuels.nl\/de\/wp-json\/wp\/v2\/media\/525"}],"wp:attachment":[{"href":"https:\/\/ecofuels.nl\/de\/wp-json\/wp\/v2\/media?parent=318"}],"curies":[{"name":"wp","href":"https:\/\/api.w.org\/{rel}","templated":true}]}}