{"id":314,"date":"2022-01-28T13:09:56","date_gmt":"2022-01-28T13:09:56","guid":{"rendered":"https:\/\/ecofuels.nl\/kontakt\/"},"modified":"2023-03-16T07:43:42","modified_gmt":"2023-03-16T07:43:42","slug":"kontakt","status":"publish","type":"page","link":"https:\/\/ecofuels.nl\/de\/kontakt\/","title":{"rendered":"Kontakt"},"content":{"rendered":"\n<p>Haben Sie Fragen oder w\u00fcnschen Sie weitere Informationen zu bestimmten Themen? Dann nehmen Sie bitte Kontakt auf.<\/p>\n\n\n\n<p>Mit dem nachstehenden Formular k\u00f6nnen Sie uns Fragen, Reaktionen und Anmerkungen schicken. Ihre Angaben werden vertraulich behandelt und nicht f\u00fcr sonstige Zwecke verwendet. Felder, die mit * markiert sind, m\u00fcssen auf jeden Fall ausgef\u00fcllt werden.<\/p>\n\n\n\n<div class=\"wp-block-contact-form-7-contact-form-selector\">\n<div class=\"wpcf7 no-js\" id=\"wpcf7-f431-o1\" lang=\"de-DE\" dir=\"ltr\" data-wpcf7-id=\"431\">\n<div class=\"screen-reader-response\"><p role=\"status\" aria-live=\"polite\" aria-atomic=\"true\"><\/p> <ul><\/ul><\/div>\n<form action=\"\/de\/wp-json\/wp\/v2\/pages\/314#wpcf7-f431-o1\" method=\"post\" class=\"wpcf7-form init\" aria-label=\"Kontaktformular\" novalidate=\"novalidate\" data-status=\"init\">\n<fieldset class=\"hidden-fields-container\"><input type=\"hidden\" name=\"_wpcf7\" value=\"431\" \/><input type=\"hidden\" name=\"_wpcf7_version\" value=\"6.1.5\" \/><input type=\"hidden\" name=\"_wpcf7_locale\" value=\"de_DE\" \/><input type=\"hidden\" name=\"_wpcf7_unit_tag\" value=\"wpcf7-f431-o1\" \/><input type=\"hidden\" name=\"_wpcf7_container_post\" value=\"0\" \/><input type=\"hidden\" name=\"_wpcf7_posted_data_hash\" value=\"\" \/><input type=\"hidden\" name=\"_wpcf7dtx_version\" value=\"5.0.5\" \/><input type=\"hidden\" name=\"_wpcf7_recaptcha_response\" value=\"\" \/>\n<\/fieldset>\n<div class=\"row\">\n\t<div class=\"col-12 col-md-6 col-xl-3\">\n\t\t<p><label> Organisation* <\/label><br \/>\n<span class=\"wpcf7-form-control-wrap\" data-name=\"organisatie\"><input size=\"40\" maxlength=\"400\" class=\"wpcf7-form-control wpcf7-text wpcf7-validates-as-required\" aria-required=\"true\" aria-invalid=\"false\" value=\"\" type=\"text\" name=\"organisatie\" \/><\/span>\n\t\t<\/p>\n\t<\/div>\n\t<div class=\"col-12 col-md-6 col-xl-3\">\n\t\t<p><label> Name* <\/label><br \/>\n<span class=\"wpcf7-form-control-wrap\" data-name=\"naam\"><input size=\"40\" maxlength=\"400\" class=\"wpcf7-form-control wpcf7-text wpcf7-validates-as-required\" aria-required=\"true\" aria-invalid=\"false\" value=\"\" type=\"text\" name=\"naam\" \/><\/span>\n\t\t<\/p>\n\t<\/div>\n\t<div class=\"col-12 col-md-6 col-xl-3\">\n\t\t<p><label> Adresse <\/label><br \/>\n<span class=\"wpcf7-form-control-wrap\" data-name=\"adres\"><input size=\"40\" maxlength=\"400\" class=\"wpcf7-form-control wpcf7-text\" aria-invalid=\"false\" value=\"\" type=\"text\" name=\"adres\" \/><\/span>\n\t\t<\/p>\n\t<\/div>\n\t<div class=\"col-12 col-md-6 col-xl-3\">\n\t\t<p><label>Postleitzahl<\/label><br \/>\n<span class=\"wpcf7-form-control-wrap\" data-name=\"postcode\"><input size=\"40\" maxlength=\"400\" class=\"wpcf7-form-control wpcf7-text\" aria-invalid=\"false\" value=\"\" type=\"text\" name=\"postcode\" \/><\/span>\n\t\t<\/p>\n\t<\/div>\n\t<div class=\"col-12 col-md-6 col-xl-3\">\n\t\t<p><label> Wohnort* <\/label><br \/>\n<span class=\"wpcf7-form-control-wrap\" data-name=\"woonplaats\"><input size=\"40\" maxlength=\"400\" class=\"wpcf7-form-control wpcf7-text wpcf7-validates-as-required\" aria-required=\"true\" aria-invalid=\"false\" value=\"\" type=\"text\" name=\"woonplaats\" \/><\/span>\n\t\t<\/p>\n\t<\/div>\n\t<div class=\"col-12 col-md-6 col-xl-3\">\n\t\t<p><label> E-Mail Adresse* <\/label><br \/>\n<span class=\"wpcf7-form-control-wrap\" data-name=\"your-email\"><input size=\"40\" maxlength=\"400\" class=\"wpcf7-form-control wpcf7-email wpcf7-validates-as-required wpcf7-text wpcf7-validates-as-email\" aria-required=\"true\" aria-invalid=\"false\" value=\"\" type=\"email\" name=\"your-email\" \/><\/span>\n\t\t<\/p>\n\t<\/div>\n\t<div class=\"col-12 col-md-6 col-xl-3\">\n\t\t<p><label> Telefonnummer* <\/label><br \/>\n<span class=\"wpcf7-form-control-wrap\" data-name=\"telefoon\"><input size=\"40\" maxlength=\"400\" class=\"wpcf7-form-control wpcf7-tel wpcf7-validates-as-required wpcf7-text wpcf7-validates-as-tel\" aria-required=\"true\" aria-invalid=\"false\" value=\"\" type=\"tel\" name=\"telefoon\" \/><\/span>\n\t\t<\/p>\n\t<\/div>\n\t<div class=\"col-12 col-md-6 col-xl-3\">\n\t\t<p><label> Nehmen Sie Kontakt zu mir auf \u00fcber: * <\/label><br \/>\n<span class=\"wpcf7-form-control-wrap\" data-name=\"onderwerp\"><select class=\"wpcf7-form-control wpcf7-select\" aria-invalid=\"false\" name=\"onderwerp\"><option value=\"\">&#8211; Bitte ausw\u00e4hlen &#8211;<\/option><option value=\"Vertragsanbau\">Vertragsanbau<\/option><option value=\"Aussaat \/ Ernte\">Aussaat \/ Ernte<\/option><option value=\"Erntet\u00e4tigkeiten f\u00fcr Fremdunternehmen\">Erntet\u00e4tigkeiten f\u00fcr Fremdunternehmen<\/option><option value=\"Putzen, Stutzen, Schneiden, Sortieren\">Putzen, Stutzen, Schneiden, Sortieren<\/option><option value=\"Sch\u00e4len, Schrubben, K\u00fchlen, Trocknen und Lagern\">Sch\u00e4len, Schrubben, K\u00fchlen, Trocknen und Lagern<\/option><option value=\"Ein- und Verkauf\">Ein- und Verkauf<\/option><option value=\"Nutzbarmachung von Reststr\u00f6men\">Nutzbarmachung von Reststr\u00f6men<\/option><option value=\"Gem\u00fcse\">Gem\u00fcse<\/option><option value=\"Energie en CO2\">Energie en CO2<\/option><option value=\"Ecofuels\">Ecofuels<\/option><\/select><\/span>\n\t\t<\/p>\n\t<\/div>\n\t<div class=\"col-12 col-md-12 col-xl-12\">\n\t\t<p><label> Fragen und\/oder Anmerkungen <\/label><br \/>\n<span class=\"wpcf7-form-control-wrap\" data-name=\"your-message\"><textarea cols=\"40\" rows=\"10\" maxlength=\"2000\" class=\"wpcf7-form-control wpcf7-textarea\" aria-invalid=\"false\" name=\"your-message\"><\/textarea><\/span>\n\t\t<\/p>\n\t<\/div>\n<\/div>\n<p><input class=\"wpcf7-form-control wpcf7-submit has-spinner laar-btn\" type=\"submit\" value=\"Absenden\" \/>\n<\/p><div class=\"wpcf7-response-output\" aria-hidden=\"true\"><\/div>\n<\/form>\n<\/div>\n<\/div>\n","protected":false},"excerpt":{"rendered":"<p>Haben Sie Fragen oder w\u00fcnschen Sie weitere Informationen zu bestimmten Themen? Dann nehmen Sie bitte Kontakt auf. Mit dem nachstehenden Formular k\u00f6nnen Sie uns Fragen, Reaktionen und Anmerkungen schicken. Ihre [&hellip;]<\/p>\n","protected":false},"author":1,"featured_media":715,"parent":0,"menu_order":0,"comment_status":"closed","ping_status":"closed","template":"","meta":{"_acf_changed":false,"footnotes":""},"class_list":["post-314","page","type-page","status-publish","has-post-thumbnail","hentry"],"acf":[],"yoast_head":"<!-- This site is optimized with the Yoast SEO plugin v27.5 - https:\/\/yoast.com\/product\/yoast-seo-wordpress\/ -->\n<title>Kontakt - Ecofuels<\/title>\n<meta name=\"description\" content=\"EcoFuels is een vooruitstrevend bedrijf dat verspilling tegengaat. In plaats van storten of verbranden zet EcoFuels organische restromen om in bruikbare materialen.\" \/>\n<meta name=\"robots\" content=\"index, follow, max-snippet:-1, max-image-preview:large, max-video-preview:-1\" \/>\n<link rel=\"canonical\" href=\"https:\/\/ecofuels.nl\/de\/kontakt\/\" \/>\n<meta property=\"og:locale\" content=\"de_DE\" \/>\n<meta property=\"og:type\" content=\"article\" \/>\n<meta property=\"og:title\" content=\"Kontakt - Ecofuels\" \/>\n<meta property=\"og:description\" content=\"EcoFuels is een vooruitstrevend bedrijf dat verspilling tegengaat. In plaats van storten of verbranden zet EcoFuels organische restromen om in bruikbare materialen.\" \/>\n<meta property=\"og:url\" content=\"https:\/\/ecofuels.nl\/de\/kontakt\/\" \/>\n<meta property=\"og:site_name\" content=\"Ecofuels\" \/>\n<meta property=\"article:modified_time\" content=\"2023-03-16T07:43:42+00:00\" \/>\n<meta property=\"og:image\" content=\"https:\/\/ecofuels.nl\/wp-content\/uploads\/2023\/03\/ecofuels_contact.jpg\" \/>\n\t<meta property=\"og:image:width\" content=\"1920\" \/>\n\t<meta property=\"og:image:height\" content=\"500\" \/>\n\t<meta property=\"og:image:type\" content=\"image\/jpeg\" \/>\n<meta name=\"twitter:card\" content=\"summary_large_image\" \/>\n<meta name=\"twitter:label1\" content=\"Gesch\u00e4tzte Lesezeit\" \/>\n\t<meta name=\"twitter:data1\" content=\"1\u00a0Minute\" \/>\n<script type=\"application\/ld+json\" class=\"yoast-schema-graph\">{\"@context\":\"https:\\\/\\\/schema.org\",\"@graph\":[{\"@type\":\"WebPage\",\"@id\":\"https:\\\/\\\/ecofuels.nl\\\/de\\\/kontakt\\\/\",\"url\":\"https:\\\/\\\/ecofuels.nl\\\/de\\\/kontakt\\\/\",\"name\":\"Kontakt - Ecofuels\",\"isPartOf\":{\"@id\":\"https:\\\/\\\/ecofuels.nl\\\/de\\\/#website\"},\"primaryImageOfPage\":{\"@id\":\"https:\\\/\\\/ecofuels.nl\\\/de\\\/kontakt\\\/#primaryimage\"},\"image\":{\"@id\":\"https:\\\/\\\/ecofuels.nl\\\/de\\\/kontakt\\\/#primaryimage\"},\"thumbnailUrl\":\"https:\\\/\\\/ecofuels.nl\\\/wp-content\\\/uploads\\\/2023\\\/03\\\/ecofuels_contact.jpg\",\"datePublished\":\"2022-01-28T13:09:56+00:00\",\"dateModified\":\"2023-03-16T07:43:42+00:00\",\"description\":\"EcoFuels is een vooruitstrevend bedrijf dat verspilling tegengaat. In plaats van storten of verbranden zet EcoFuels organische restromen om in bruikbare materialen.\",\"breadcrumb\":{\"@id\":\"https:\\\/\\\/ecofuels.nl\\\/de\\\/kontakt\\\/#breadcrumb\"},\"inLanguage\":\"de\",\"potentialAction\":[{\"@type\":\"ReadAction\",\"target\":[\"https:\\\/\\\/ecofuels.nl\\\/de\\\/kontakt\\\/\"]}]},{\"@type\":\"ImageObject\",\"inLanguage\":\"de\",\"@id\":\"https:\\\/\\\/ecofuels.nl\\\/de\\\/kontakt\\\/#primaryimage\",\"url\":\"https:\\\/\\\/ecofuels.nl\\\/wp-content\\\/uploads\\\/2023\\\/03\\\/ecofuels_contact.jpg\",\"contentUrl\":\"https:\\\/\\\/ecofuels.nl\\\/wp-content\\\/uploads\\\/2023\\\/03\\\/ecofuels_contact.jpg\",\"width\":1920,\"height\":500},{\"@type\":\"BreadcrumbList\",\"@id\":\"https:\\\/\\\/ecofuels.nl\\\/de\\\/kontakt\\\/#breadcrumb\",\"itemListElement\":[{\"@type\":\"ListItem\",\"position\":1,\"name\":\"Home\",\"item\":\"https:\\\/\\\/ecofuels.nl\\\/de\\\/\"},{\"@type\":\"ListItem\",\"position\":2,\"name\":\"Kontakt\"}]},{\"@type\":\"WebSite\",\"@id\":\"https:\\\/\\\/ecofuels.nl\\\/de\\\/#website\",\"url\":\"https:\\\/\\\/ecofuels.nl\\\/de\\\/\",\"name\":\"Ecofuels\",\"description\":\"\",\"potentialAction\":[{\"@type\":\"SearchAction\",\"target\":{\"@type\":\"EntryPoint\",\"urlTemplate\":\"https:\\\/\\\/ecofuels.nl\\\/de\\\/?s={search_term_string}\"},\"query-input\":{\"@type\":\"PropertyValueSpecification\",\"valueRequired\":true,\"valueName\":\"search_term_string\"}}],\"inLanguage\":\"de\"}]}<\/script>\n<!-- \/ Yoast SEO plugin. -->","yoast_head_json":{"title":"Kontakt - Ecofuels","description":"EcoFuels is een vooruitstrevend bedrijf dat verspilling tegengaat. In plaats van storten of verbranden zet EcoFuels organische restromen om in bruikbare materialen.","robots":{"index":"index","follow":"follow","max-snippet":"max-snippet:-1","max-image-preview":"max-image-preview:large","max-video-preview":"max-video-preview:-1"},"canonical":"https:\/\/ecofuels.nl\/de\/kontakt\/","og_locale":"de_DE","og_type":"article","og_title":"Kontakt - Ecofuels","og_description":"EcoFuels is een vooruitstrevend bedrijf dat verspilling tegengaat. In plaats van storten of verbranden zet EcoFuels organische restromen om in bruikbare materialen.","og_url":"https:\/\/ecofuels.nl\/de\/kontakt\/","og_site_name":"Ecofuels","article_modified_time":"2023-03-16T07:43:42+00:00","og_image":[{"width":1920,"height":500,"url":"https:\/\/ecofuels.nl\/wp-content\/uploads\/2023\/03\/ecofuels_contact.jpg","type":"image\/jpeg"}],"twitter_card":"summary_large_image","twitter_misc":{"Gesch\u00e4tzte Lesezeit":"1\u00a0Minute"},"schema":{"@context":"https:\/\/schema.org","@graph":[{"@type":"WebPage","@id":"https:\/\/ecofuels.nl\/de\/kontakt\/","url":"https:\/\/ecofuels.nl\/de\/kontakt\/","name":"Kontakt - Ecofuels","isPartOf":{"@id":"https:\/\/ecofuels.nl\/de\/#website"},"primaryImageOfPage":{"@id":"https:\/\/ecofuels.nl\/de\/kontakt\/#primaryimage"},"image":{"@id":"https:\/\/ecofuels.nl\/de\/kontakt\/#primaryimage"},"thumbnailUrl":"https:\/\/ecofuels.nl\/wp-content\/uploads\/2023\/03\/ecofuels_contact.jpg","datePublished":"2022-01-28T13:09:56+00:00","dateModified":"2023-03-16T07:43:42+00:00","description":"EcoFuels is een vooruitstrevend bedrijf dat verspilling tegengaat. In plaats van storten of verbranden zet EcoFuels organische restromen om in bruikbare materialen.","breadcrumb":{"@id":"https:\/\/ecofuels.nl\/de\/kontakt\/#breadcrumb"},"inLanguage":"de","potentialAction":[{"@type":"ReadAction","target":["https:\/\/ecofuels.nl\/de\/kontakt\/"]}]},{"@type":"ImageObject","inLanguage":"de","@id":"https:\/\/ecofuels.nl\/de\/kontakt\/#primaryimage","url":"https:\/\/ecofuels.nl\/wp-content\/uploads\/2023\/03\/ecofuels_contact.jpg","contentUrl":"https:\/\/ecofuels.nl\/wp-content\/uploads\/2023\/03\/ecofuels_contact.jpg","width":1920,"height":500},{"@type":"BreadcrumbList","@id":"https:\/\/ecofuels.nl\/de\/kontakt\/#breadcrumb","itemListElement":[{"@type":"ListItem","position":1,"name":"Home","item":"https:\/\/ecofuels.nl\/de\/"},{"@type":"ListItem","position":2,"name":"Kontakt"}]},{"@type":"WebSite","@id":"https:\/\/ecofuels.nl\/de\/#website","url":"https:\/\/ecofuels.nl\/de\/","name":"Ecofuels","description":"","potentialAction":[{"@type":"SearchAction","target":{"@type":"EntryPoint","urlTemplate":"https:\/\/ecofuels.nl\/de\/?s={search_term_string}"},"query-input":{"@type":"PropertyValueSpecification","valueRequired":true,"valueName":"search_term_string"}}],"inLanguage":"de"}]}},"_links":{"self":[{"href":"https:\/\/ecofuels.nl\/de\/wp-json\/wp\/v2\/pages\/314","targetHints":{"allow":["GET"]}}],"collection":[{"href":"https:\/\/ecofuels.nl\/de\/wp-json\/wp\/v2\/pages"}],"about":[{"href":"https:\/\/ecofuels.nl\/de\/wp-json\/wp\/v2\/types\/page"}],"author":[{"embeddable":true,"href":"https:\/\/ecofuels.nl\/de\/wp-json\/wp\/v2\/users\/1"}],"replies":[{"embeddable":true,"href":"https:\/\/ecofuels.nl\/de\/wp-json\/wp\/v2\/comments?post=314"}],"version-history":[{"count":5,"href":"https:\/\/ecofuels.nl\/de\/wp-json\/wp\/v2\/pages\/314\/revisions"}],"predecessor-version":[{"id":733,"href":"https:\/\/ecofuels.nl\/de\/wp-json\/wp\/v2\/pages\/314\/revisions\/733"}],"wp:featuredmedia":[{"embeddable":true,"href":"https:\/\/ecofuels.nl\/de\/wp-json\/wp\/v2\/media\/715"}],"wp:attachment":[{"href":"https:\/\/ecofuels.nl\/de\/wp-json\/wp\/v2\/media?parent=314"}],"curies":[{"name":"wp","href":"https:\/\/api.w.org\/{rel}","templated":true}]}}