{"id":3138,"date":"2025-11-05T11:06:57","date_gmt":"2025-11-05T11:06:57","guid":{"rendered":"https:\/\/ecofuels.nl\/?page_id=3138"},"modified":"2025-11-05T11:28:35","modified_gmt":"2025-11-05T11:28:35","slug":"stellenangebote","status":"publish","type":"page","link":"https:\/\/ecofuels.nl\/de\/stellenangebote\/","title":{"rendered":"Arbeiten oder Praktikum bei Ecofuels"},"content":{"rendered":"\n<div style=\"height:50px\" aria-hidden=\"true\" class=\"wp-block-spacer\"><\/div>\n\n\n\n<div class=\"wp-block-columns is-layout-flex wp-container-core-columns-is-layout-9d6595d7 wp-block-columns-is-layout-flex\">\n<div class=\"wp-block-column is-layout-flow wp-block-column-is-layout-flow\">\n<h2 class=\"wp-block-heading\">Sind Sie diese Schl\u00fcsselfigur?<\/h2>\n\n\n\n<p>Laarakker bietet seinen Mitarbeitern alle M\u00f6glichkeiten, sich weiterzuentwickeln. Technik hat bei uns einen hohen Stellenwert, das Arbeitsklima ist famili\u00e4r und kollegial, die Menschen arbeiten hart und gehen fair miteinander um. Selbstverst\u00e4ndlich k\u00f6nnen Sie sich auf ein hervorragendes Gehalt und damit verbundene Nebenleistungen verlassen. Sind Sie der engagierte Techniker, der unser Team im technischen Service unterst\u00fctzt?<\/p>\n\n\n\n<h3 class=\"wp-block-heading\"><strong>Nachstehend finden Sie die aktuellen Stellenangebote und Praktikumspl\u00e4tze.<\/strong><\/h3>\n<\/div>\n\n\n\n<div class=\"wp-block-column is-layout-flow wp-block-column-is-layout-flow\"><\/div>\n<\/div>\n","protected":false},"excerpt":{"rendered":"<p>Sind Sie diese Schl\u00fcsselfigur? Laarakker bietet seinen Mitarbeitern alle M\u00f6glichkeiten, sich weiterzuentwickeln. Technik hat bei uns einen hohen Stellenwert, das Arbeitsklima ist famili\u00e4r und kollegial, die Menschen arbeiten hart und [&hellip;]<\/p>\n","protected":false},"author":1,"featured_media":0,"parent":0,"menu_order":0,"comment_status":"closed","ping_status":"closed","template":"archive-vacatures.php","meta":{"_acf_changed":false,"footnotes":""},"class_list":["post-3138","page","type-page","status-publish","hentry"],"acf":[],"yoast_head":"<!-- This site is optimized with the Yoast SEO plugin v27.5 - https:\/\/yoast.com\/product\/yoast-seo-wordpress\/ -->\n<title>Arbeiten oder Praktikum bei Ecofuels - Ecofuels<\/title>\n<meta name=\"description\" content=\"EcoFuels is een vooruitstrevend bedrijf dat verspilling tegengaat. In plaats van storten of verbranden zet EcoFuels organische restromen om in bruikbare materialen.\" \/>\n<meta name=\"robots\" content=\"index, follow, max-snippet:-1, max-image-preview:large, max-video-preview:-1\" \/>\n<link rel=\"canonical\" href=\"https:\/\/ecofuels.nl\/de\/stellenangebote\/\" \/>\n<meta property=\"og:locale\" content=\"de_DE\" \/>\n<meta property=\"og:type\" content=\"article\" \/>\n<meta property=\"og:title\" content=\"Arbeiten oder Praktikum bei Ecofuels - Ecofuels\" \/>\n<meta property=\"og:description\" content=\"EcoFuels is een vooruitstrevend bedrijf dat verspilling tegengaat. In plaats van storten of verbranden zet EcoFuels organische restromen om in bruikbare materialen.\" \/>\n<meta property=\"og:url\" content=\"https:\/\/ecofuels.nl\/de\/stellenangebote\/\" \/>\n<meta property=\"og:site_name\" content=\"Ecofuels\" \/>\n<meta property=\"article:modified_time\" content=\"2025-11-05T11:28:35+00:00\" \/>\n<meta name=\"twitter:card\" content=\"summary_large_image\" \/>\n<meta name=\"twitter:label1\" content=\"Gesch\u00e4tzte Lesezeit\" \/>\n\t<meta name=\"twitter:data1\" content=\"1\u00a0Minute\" \/>\n<script type=\"application\/ld+json\" class=\"yoast-schema-graph\">{\"@context\":\"https:\\\/\\\/schema.org\",\"@graph\":[{\"@type\":\"WebPage\",\"@id\":\"https:\\\/\\\/ecofuels.nl\\\/de\\\/stellenangebote\\\/\",\"url\":\"https:\\\/\\\/ecofuels.nl\\\/de\\\/stellenangebote\\\/\",\"name\":\"Arbeiten oder Praktikum bei Ecofuels - Ecofuels\",\"isPartOf\":{\"@id\":\"https:\\\/\\\/ecofuels.nl\\\/de\\\/#website\"},\"datePublished\":\"2025-11-05T11:06:57+00:00\",\"dateModified\":\"2025-11-05T11:28:35+00:00\",\"description\":\"EcoFuels is een vooruitstrevend bedrijf dat verspilling tegengaat. In plaats van storten of verbranden zet EcoFuels organische restromen om in bruikbare materialen.\",\"breadcrumb\":{\"@id\":\"https:\\\/\\\/ecofuels.nl\\\/de\\\/stellenangebote\\\/#breadcrumb\"},\"inLanguage\":\"de\",\"potentialAction\":[{\"@type\":\"ReadAction\",\"target\":[\"https:\\\/\\\/ecofuels.nl\\\/de\\\/stellenangebote\\\/\"]}]},{\"@type\":\"BreadcrumbList\",\"@id\":\"https:\\\/\\\/ecofuels.nl\\\/de\\\/stellenangebote\\\/#breadcrumb\",\"itemListElement\":[{\"@type\":\"ListItem\",\"position\":1,\"name\":\"Home\",\"item\":\"https:\\\/\\\/ecofuels.nl\\\/de\\\/\"},{\"@type\":\"ListItem\",\"position\":2,\"name\":\"Arbeiten oder Praktikum bei Ecofuels\"}]},{\"@type\":\"WebSite\",\"@id\":\"https:\\\/\\\/ecofuels.nl\\\/de\\\/#website\",\"url\":\"https:\\\/\\\/ecofuels.nl\\\/de\\\/\",\"name\":\"Ecofuels\",\"description\":\"\",\"potentialAction\":[{\"@type\":\"SearchAction\",\"target\":{\"@type\":\"EntryPoint\",\"urlTemplate\":\"https:\\\/\\\/ecofuels.nl\\\/de\\\/?s={search_term_string}\"},\"query-input\":{\"@type\":\"PropertyValueSpecification\",\"valueRequired\":true,\"valueName\":\"search_term_string\"}}],\"inLanguage\":\"de\"}]}<\/script>\n<!-- \/ Yoast SEO plugin. -->","yoast_head_json":{"title":"Arbeiten oder Praktikum bei Ecofuels - Ecofuels","description":"EcoFuels is een vooruitstrevend bedrijf dat verspilling tegengaat. In plaats van storten of verbranden zet EcoFuels organische restromen om in bruikbare materialen.","robots":{"index":"index","follow":"follow","max-snippet":"max-snippet:-1","max-image-preview":"max-image-preview:large","max-video-preview":"max-video-preview:-1"},"canonical":"https:\/\/ecofuels.nl\/de\/stellenangebote\/","og_locale":"de_DE","og_type":"article","og_title":"Arbeiten oder Praktikum bei Ecofuels - Ecofuels","og_description":"EcoFuels is een vooruitstrevend bedrijf dat verspilling tegengaat. In plaats van storten of verbranden zet EcoFuels organische restromen om in bruikbare materialen.","og_url":"https:\/\/ecofuels.nl\/de\/stellenangebote\/","og_site_name":"Ecofuels","article_modified_time":"2025-11-05T11:28:35+00:00","twitter_card":"summary_large_image","twitter_misc":{"Gesch\u00e4tzte Lesezeit":"1\u00a0Minute"},"schema":{"@context":"https:\/\/schema.org","@graph":[{"@type":"WebPage","@id":"https:\/\/ecofuels.nl\/de\/stellenangebote\/","url":"https:\/\/ecofuels.nl\/de\/stellenangebote\/","name":"Arbeiten oder Praktikum bei Ecofuels - Ecofuels","isPartOf":{"@id":"https:\/\/ecofuels.nl\/de\/#website"},"datePublished":"2025-11-05T11:06:57+00:00","dateModified":"2025-11-05T11:28:35+00:00","description":"EcoFuels is een vooruitstrevend bedrijf dat verspilling tegengaat. In plaats van storten of verbranden zet EcoFuels organische restromen om in bruikbare materialen.","breadcrumb":{"@id":"https:\/\/ecofuels.nl\/de\/stellenangebote\/#breadcrumb"},"inLanguage":"de","potentialAction":[{"@type":"ReadAction","target":["https:\/\/ecofuels.nl\/de\/stellenangebote\/"]}]},{"@type":"BreadcrumbList","@id":"https:\/\/ecofuels.nl\/de\/stellenangebote\/#breadcrumb","itemListElement":[{"@type":"ListItem","position":1,"name":"Home","item":"https:\/\/ecofuels.nl\/de\/"},{"@type":"ListItem","position":2,"name":"Arbeiten oder Praktikum bei Ecofuels"}]},{"@type":"WebSite","@id":"https:\/\/ecofuels.nl\/de\/#website","url":"https:\/\/ecofuels.nl\/de\/","name":"Ecofuels","description":"","potentialAction":[{"@type":"SearchAction","target":{"@type":"EntryPoint","urlTemplate":"https:\/\/ecofuels.nl\/de\/?s={search_term_string}"},"query-input":{"@type":"PropertyValueSpecification","valueRequired":true,"valueName":"search_term_string"}}],"inLanguage":"de"}]}},"_links":{"self":[{"href":"https:\/\/ecofuels.nl\/de\/wp-json\/wp\/v2\/pages\/3138","targetHints":{"allow":["GET"]}}],"collection":[{"href":"https:\/\/ecofuels.nl\/de\/wp-json\/wp\/v2\/pages"}],"about":[{"href":"https:\/\/ecofuels.nl\/de\/wp-json\/wp\/v2\/types\/page"}],"author":[{"embeddable":true,"href":"https:\/\/ecofuels.nl\/de\/wp-json\/wp\/v2\/users\/1"}],"replies":[{"embeddable":true,"href":"https:\/\/ecofuels.nl\/de\/wp-json\/wp\/v2\/comments?post=3138"}],"version-history":[{"count":2,"href":"https:\/\/ecofuels.nl\/de\/wp-json\/wp\/v2\/pages\/3138\/revisions"}],"predecessor-version":[{"id":3140,"href":"https:\/\/ecofuels.nl\/de\/wp-json\/wp\/v2\/pages\/3138\/revisions\/3140"}],"wp:attachment":[{"href":"https:\/\/ecofuels.nl\/de\/wp-json\/wp\/v2\/media?parent=3138"}],"curies":[{"name":"wp","href":"https:\/\/api.w.org\/{rel}","templated":true}]}}