{"id":309,"date":"2022-01-24T10:54:02","date_gmt":"2022-01-24T10:54:02","guid":{"rendered":"https:\/\/ecofuels.nl\/laarakker-groenteverwerking\/"},"modified":"2022-12-08T12:18:43","modified_gmt":"2022-12-08T12:18:43","slug":"laarakker-groenteverwerking","status":"publish","type":"page","link":"https:\/\/ecofuels.nl\/de\/","title":{"rendered":"EcoFuels"},"content":{"rendered":"\n<p>EcoFuels ist der Produzent von 100% gr\u00fcner Energie aus organischen Reststoffen. Das besondere an unserem Unternehmen ist, dass wir in den letzten Jahren zu einem der Spezialisten auf dem Gebiet der termophilen Verg\u00e4rung organischer Reststoffe herangewachsen sind. Diese Art der Verg\u00e4rung ist absolut nicht vergleichbar mit den landwirtschaftlichen Co-Verg\u00e4rungs-Biogasanlagen. EcoFuels ist ein industrieller, biochemischer Produktionsbetrieb, der durch hochqualifiziertes und fachkundiges Personal geleitet wird. Seit der Gr\u00fcndung im Jahr 2006 haben wir insgesamt \u00fcber 13 Millionen Euro investiert.<\/p>\n\n\n\n<p><a href=\"https:\/\/ecofuels.nl\/de\/ueber-uns\/\">Lesen Sie mehr \u00fcber EcoFuels<\/a><\/p>\n","protected":false},"excerpt":{"rendered":"<p>EcoFuels ist der Produzent von 100% gr\u00fcner Energie aus organischen Reststoffen. Das besondere an unserem Unternehmen ist, dass wir in den letzten Jahren zu einem der Spezialisten auf dem Gebiet [&hellip;]<\/p>\n","protected":false},"author":1,"featured_media":0,"parent":0,"menu_order":0,"comment_status":"closed","ping_status":"closed","template":"","meta":{"_acf_changed":false,"footnotes":""},"class_list":["post-309","page","type-page","status-publish","hentry"],"acf":[],"yoast_head":"<!-- This site is optimized with the Yoast SEO plugin v24.4 - https:\/\/yoast.com\/wordpress\/plugins\/seo\/ -->\n<title>EcoFuels - Ecofuels<\/title>\n<meta name=\"description\" content=\"EcoFuels is een vooruitstrevend bedrijf dat verspilling tegengaat. In plaats van storten of verbranden zet EcoFuels organische restromen om in bruikbare materialen.\" \/>\n<meta name=\"robots\" content=\"index, follow, max-snippet:-1, max-image-preview:large, max-video-preview:-1\" \/>\n<link rel=\"canonical\" href=\"https:\/\/ecofuels.nl\/de\/\" \/>\n<meta property=\"og:locale\" content=\"de_DE\" \/>\n<meta property=\"og:type\" content=\"article\" \/>\n<meta property=\"og:title\" content=\"EcoFuels - Ecofuels\" \/>\n<meta property=\"og:description\" content=\"EcoFuels is een vooruitstrevend bedrijf dat verspilling tegengaat. In plaats van storten of verbranden zet EcoFuels organische restromen om in bruikbare materialen.\" \/>\n<meta property=\"og:url\" content=\"https:\/\/ecofuels.nl\/de\/\" \/>\n<meta property=\"og:site_name\" content=\"Ecofuels\" \/>\n<meta property=\"article:modified_time\" content=\"2022-12-08T12:18:43+00:00\" \/>\n<meta name=\"twitter:card\" content=\"summary_large_image\" \/>\n<meta name=\"twitter:label1\" content=\"Gesch\u00e4tzte Lesezeit\" \/>\n\t<meta name=\"twitter:data1\" content=\"1\u00a0Minute\" \/>\n<script type=\"application\/ld+json\" class=\"yoast-schema-graph\">{\"@context\":\"https:\/\/schema.org\",\"@graph\":[{\"@type\":\"WebPage\",\"@id\":\"https:\/\/ecofuels.nl\/de\/\",\"url\":\"https:\/\/ecofuels.nl\/de\/\",\"name\":\"EcoFuels - Ecofuels\",\"isPartOf\":{\"@id\":\"https:\/\/ecofuels.nl\/de\/#website\"},\"datePublished\":\"2022-01-24T10:54:02+00:00\",\"dateModified\":\"2022-12-08T12:18:43+00:00\",\"description\":\"EcoFuels is een vooruitstrevend bedrijf dat verspilling tegengaat. In plaats van storten of verbranden zet EcoFuels organische restromen om in bruikbare materialen.\",\"breadcrumb\":{\"@id\":\"https:\/\/ecofuels.nl\/de\/#breadcrumb\"},\"inLanguage\":\"de\",\"potentialAction\":[{\"@type\":\"ReadAction\",\"target\":[\"https:\/\/ecofuels.nl\/de\/\"]}]},{\"@type\":\"BreadcrumbList\",\"@id\":\"https:\/\/ecofuels.nl\/de\/#breadcrumb\",\"itemListElement\":[{\"@type\":\"ListItem\",\"position\":1,\"name\":\"Home\",\"item\":\"https:\/\/ecofuels.nl\/de\/\"},{\"@type\":\"ListItem\",\"position\":2,\"name\":\"EcoFuels\"}]},{\"@type\":\"WebSite\",\"@id\":\"https:\/\/ecofuels.nl\/de\/#website\",\"url\":\"https:\/\/ecofuels.nl\/de\/\",\"name\":\"Ecofuels\",\"description\":\"\",\"potentialAction\":[{\"@type\":\"SearchAction\",\"target\":{\"@type\":\"EntryPoint\",\"urlTemplate\":\"https:\/\/ecofuels.nl\/de\/?s={search_term_string}\"},\"query-input\":{\"@type\":\"PropertyValueSpecification\",\"valueRequired\":true,\"valueName\":\"search_term_string\"}}],\"inLanguage\":\"de\"}]}<\/script>\n<!-- \/ Yoast SEO plugin. -->","yoast_head_json":{"title":"EcoFuels - Ecofuels","description":"EcoFuels is een vooruitstrevend bedrijf dat verspilling tegengaat. In plaats van storten of verbranden zet EcoFuels organische restromen om in bruikbare materialen.","robots":{"index":"index","follow":"follow","max-snippet":"max-snippet:-1","max-image-preview":"max-image-preview:large","max-video-preview":"max-video-preview:-1"},"canonical":"https:\/\/ecofuels.nl\/de\/","og_locale":"de_DE","og_type":"article","og_title":"EcoFuels - Ecofuels","og_description":"EcoFuels is een vooruitstrevend bedrijf dat verspilling tegengaat. In plaats van storten of verbranden zet EcoFuels organische restromen om in bruikbare materialen.","og_url":"https:\/\/ecofuels.nl\/de\/","og_site_name":"Ecofuels","article_modified_time":"2022-12-08T12:18:43+00:00","twitter_card":"summary_large_image","twitter_misc":{"Gesch\u00e4tzte Lesezeit":"1\u00a0Minute"},"schema":{"@context":"https:\/\/schema.org","@graph":[{"@type":"WebPage","@id":"https:\/\/ecofuels.nl\/de\/","url":"https:\/\/ecofuels.nl\/de\/","name":"EcoFuels - Ecofuels","isPartOf":{"@id":"https:\/\/ecofuels.nl\/de\/#website"},"datePublished":"2022-01-24T10:54:02+00:00","dateModified":"2022-12-08T12:18:43+00:00","description":"EcoFuels is een vooruitstrevend bedrijf dat verspilling tegengaat. In plaats van storten of verbranden zet EcoFuels organische restromen om in bruikbare materialen.","breadcrumb":{"@id":"https:\/\/ecofuels.nl\/de\/#breadcrumb"},"inLanguage":"de","potentialAction":[{"@type":"ReadAction","target":["https:\/\/ecofuels.nl\/de\/"]}]},{"@type":"BreadcrumbList","@id":"https:\/\/ecofuels.nl\/de\/#breadcrumb","itemListElement":[{"@type":"ListItem","position":1,"name":"Home","item":"https:\/\/ecofuels.nl\/de\/"},{"@type":"ListItem","position":2,"name":"EcoFuels"}]},{"@type":"WebSite","@id":"https:\/\/ecofuels.nl\/de\/#website","url":"https:\/\/ecofuels.nl\/de\/","name":"Ecofuels","description":"","potentialAction":[{"@type":"SearchAction","target":{"@type":"EntryPoint","urlTemplate":"https:\/\/ecofuels.nl\/de\/?s={search_term_string}"},"query-input":{"@type":"PropertyValueSpecification","valueRequired":true,"valueName":"search_term_string"}}],"inLanguage":"de"}]}},"_links":{"self":[{"href":"https:\/\/ecofuels.nl\/de\/wp-json\/wp\/v2\/pages\/309","targetHints":{"allow":["GET"]}}],"collection":[{"href":"https:\/\/ecofuels.nl\/de\/wp-json\/wp\/v2\/pages"}],"about":[{"href":"https:\/\/ecofuels.nl\/de\/wp-json\/wp\/v2\/types\/page"}],"author":[{"embeddable":true,"href":"https:\/\/ecofuels.nl\/de\/wp-json\/wp\/v2\/users\/1"}],"replies":[{"embeddable":true,"href":"https:\/\/ecofuels.nl\/de\/wp-json\/wp\/v2\/comments?post=309"}],"version-history":[{"count":4,"href":"https:\/\/ecofuels.nl\/de\/wp-json\/wp\/v2\/pages\/309\/revisions"}],"predecessor-version":[{"id":657,"href":"https:\/\/ecofuels.nl\/de\/wp-json\/wp\/v2\/pages\/309\/revisions\/657"}],"wp:attachment":[{"href":"https:\/\/ecofuels.nl\/de\/wp-json\/wp\/v2\/media?parent=309"}],"curies":[{"name":"wp","href":"https:\/\/api.w.org\/{rel}","templated":true}]}}